{"id":2562,"date":"2021-11-15T14:10:37","date_gmt":"2021-11-15T13:10:37","guid":{"rendered":"http:\/\/golfostella.youelba.com\/disponibilita\/"},"modified":"2023-07-07T08:53:41","modified_gmt":"2023-07-07T06:53:41","slug":"verfuegbarkeit","status":"publish","type":"page","link":"https:\/\/www.agriturismogolfostella.it\/de\/verfuegbarkeit\/","title":{"rendered":"Verf\u00fcgbarkeit"},"content":{"rendered":"\t\t<div data-elementor-type=\"wp-page\" data-elementor-id=\"2562\" class=\"elementor elementor-2562 elementor-854\">\n\t\t\t\t\t\t<section class=\"elementor-section elementor-top-section elementor-element elementor-element-611f8b6 elementor-section-stretched elementor-section-boxed elementor-section-height-default elementor-section-height-default\" data-id=\"611f8b6\" data-element_type=\"section\" data-settings=\"{&quot;stretch_section&quot;:&quot;section-stretched&quot;,&quot;background_background&quot;:&quot;classic&quot;}\">\n\t\t\t\t\t\t<div class=\"elementor-container elementor-column-gap-wider\">\n\t\t\t\t\t<div class=\"elementor-column elementor-col-100 elementor-top-column elementor-element elementor-element-79a0aa6c\" data-id=\"79a0aa6c\" data-element_type=\"column\">\n\t\t\t<div class=\"elementor-widget-wrap elementor-element-populated\">\n\t\t\t\t\t\t<section class=\"elementor-section elementor-inner-section elementor-element elementor-element-76d966dd elementor-section-boxed elementor-section-height-default elementor-section-height-default\" data-id=\"76d966dd\" data-element_type=\"section\">\n\t\t\t\t\t\t<div class=\"elementor-container elementor-column-gap-default\">\n\t\t\t\t\t<div class=\"elementor-column elementor-col-100 elementor-inner-column elementor-element elementor-element-82555fa\" data-id=\"82555fa\" data-element_type=\"column\">\n\t\t\t<div class=\"elementor-widget-wrap elementor-element-populated\">\n\t\t\t\t\t\t<div class=\"elementor-element elementor-element-39ff6617 elementor-widget elementor-widget-spacer\" data-id=\"39ff6617\" data-element_type=\"widget\" data-widget_type=\"spacer.default\">\n\t\t\t\t<div class=\"elementor-widget-container\">\n\t\t\t\t\t\t\t<div class=\"elementor-spacer\">\n\t\t\t<div class=\"elementor-spacer-inner\"><\/div>\n\t\t<\/div>\n\t\t\t\t\t\t<\/div>\n\t\t\t\t<\/div>\n\t\t\t\t\t<\/div>\n\t\t<\/div>\n\t\t\t\t\t<\/div>\n\t\t<\/section>\n\t\t\t\t\t<\/div>\n\t\t<\/div>\n\t\t\t\t\t<\/div>\n\t\t<\/section>\n\t\t\t\t<section class=\"elementor-section elementor-top-section elementor-element elementor-element-88d8126 elementor-section-stretched elementor-section-boxed elementor-section-height-default elementor-section-height-default\" data-id=\"88d8126\" data-element_type=\"section\" data-settings=\"{&quot;stretch_section&quot;:&quot;section-stretched&quot;}\">\n\t\t\t\t\t\t<div class=\"elementor-container elementor-column-gap-wider\">\n\t\t\t\t\t<div class=\"elementor-column elementor-col-50 elementor-top-column elementor-element elementor-element-4108101\" data-id=\"4108101\" data-element_type=\"column\">\n\t\t\t<div class=\"elementor-widget-wrap elementor-element-populated\">\n\t\t\t\t\t\t<div class=\"elementor-element elementor-element-c04b558 elementor-widget elementor-widget-image\" data-id=\"c04b558\" data-element_type=\"widget\" data-widget_type=\"image.default\">\n\t\t\t\t<div class=\"elementor-widget-container\">\n\t\t\t\t\t\t\t\t\t\t\t\t\t\t\t<img fetchpriority=\"high\" decoding=\"async\" width=\"645\" height=\"445\" src=\"https:\/\/www.agriturismogolfostella.it\/wp-content\/uploads\/2023\/03\/Senza-titolo-3@2x.png\" class=\"attachment-blog-single size-blog-single wp-image-2078\" alt=\"\" srcset=\"https:\/\/www.agriturismogolfostella.it\/wp-content\/uploads\/2023\/03\/Senza-titolo-3@2x.png 645w, https:\/\/www.agriturismogolfostella.it\/wp-content\/uploads\/2023\/03\/Senza-titolo-3@2x-300x207.png 300w, https:\/\/www.agriturismogolfostella.it\/wp-content\/uploads\/2023\/03\/Senza-titolo-3@2x-212x146.png 212w, https:\/\/www.agriturismogolfostella.it\/wp-content\/uploads\/2023\/03\/Senza-titolo-3@2x-50x34.png 50w, https:\/\/www.agriturismogolfostella.it\/wp-content\/uploads\/2023\/03\/Senza-titolo-3@2x-109x75.png 109w\" sizes=\"(max-width:767px) 480px, 645px\" \/>\t\t\t\t\t\t\t\t\t\t\t\t\t\t\t<\/div>\n\t\t\t\t<\/div>\n\t\t\t\t<div class=\"elementor-element elementor-element-518d2e2 elementor-widget elementor-widget-text-editor\" data-id=\"518d2e2\" data-element_type=\"widget\" data-widget_type=\"text-editor.default\">\n\t\t\t\t<div class=\"elementor-widget-container\">\n\t\t\t\t\t\t\t\t\t<p><strong>Agriturismo Golfo Stella<br \/><\/strong><strong>e Camping la Riccia<br \/><\/strong>Via Capo ai Pini, 1040<br \/>Lacona &#8211; Isola d&#8217;Elba<\/p><p>Tel. und Fax 0565.964356 mobil 347.7371793<br \/>mobil 392.4440628<br \/><a href=\"mailto:info@agriturismogolfostella.it\"><span style=\"color: #000000\">info@agriturismogolfostella.it<\/span><\/a><\/p>\t\t\t\t\t\t\t\t<\/div>\n\t\t\t\t<\/div>\n\t\t\t\t\t<\/div>\n\t\t<\/div>\n\t\t\t\t<div class=\"elementor-column elementor-col-50 elementor-top-column elementor-element elementor-element-b7cce0a\" data-id=\"b7cce0a\" data-element_type=\"column\" data-settings=\"{&quot;background_background&quot;:&quot;classic&quot;}\">\n\t\t\t<div class=\"elementor-widget-wrap elementor-element-populated\">\n\t\t\t\t\t\t<div class=\"elementor-element elementor-element-44ce676 elementor-widget elementor-widget-text-editor\" data-id=\"44ce676\" data-element_type=\"widget\" data-widget_type=\"text-editor.default\">\n\t\t\t\t<div class=\"elementor-widget-container\">\n\t\t\t\t\t\t\t\t\t<h3>Verf\u00fcgbarkeit<\/h3>\t\t\t\t\t\t\t\t<\/div>\n\t\t\t\t<\/div>\n\t\t\t\t<div class=\"elementor-element elementor-element-eb34d2a elementor-widget elementor-widget-text-editor\" data-id=\"eb34d2a\" data-element_type=\"widget\" data-widget_type=\"text-editor.default\">\n\t\t\t\t<div class=\"elementor-widget-container\">\n\t\t\t\t\t\t\t\t\t<p>Anfrage zur Verf\u00fcgbarkeit NICHT verbindlich<\/p><p>Im Sommer, von Juni bis September, k\u00f6nnen die Appartements nur f\u00fcr w\u00f6chentliche Aufenthalte von Samstag bis Samstag gebucht werden, w\u00e4hrend f\u00fcr den Campingplatz auch eine Buchung unter der Woche m\u00f6glich ist.<\/p><p>Die mit einem Sternchen (*) gekennzeichneten Felder sind Pflichtfelder.<\/p>\t\t\t\t\t\t\t\t<\/div>\n\t\t\t\t<\/div>\n\t\t\t\t<div class=\"elementor-element elementor-element-4e9ebdc elementor-widget elementor-widget-shortcode\" data-id=\"4e9ebdc\" data-element_type=\"widget\" data-widget_type=\"shortcode.default\">\n\t\t\t\t<div class=\"elementor-widget-container\">\n\t\t\t\t\t\t\t<div class=\"elementor-shortcode\">\n<div class=\"wpcf7 no-js\" id=\"wpcf7-f2857-o1\" lang=\"de-DE\" dir=\"ltr\" data-wpcf7-id=\"2857\">\n<div class=\"screen-reader-response\"><p role=\"status\" aria-live=\"polite\" aria-atomic=\"true\"><\/p> <ul><\/ul><\/div>\n<form action=\"\/de\/wp-json\/wp\/v2\/pages\/2562#wpcf7-f2857-o1\" method=\"post\" class=\"wpcf7-form init\" aria-label=\"Kontaktformular\" novalidate=\"novalidate\" data-status=\"init\">\n<fieldset class=\"hidden-fields-container\"><input type=\"hidden\" name=\"_wpcf7\" value=\"2857\" \/><input type=\"hidden\" name=\"_wpcf7_version\" value=\"6.1.4\" \/><input type=\"hidden\" name=\"_wpcf7_locale\" value=\"de_DE\" \/><input type=\"hidden\" name=\"_wpcf7_unit_tag\" value=\"wpcf7-f2857-o1\" \/><input type=\"hidden\" name=\"_wpcf7_container_post\" value=\"0\" \/><input type=\"hidden\" name=\"_wpcf7_posted_data_hash\" value=\"\" \/><input type=\"hidden\" name=\"_wpcf7cf_hidden_group_fields\" value=\"[]\" \/><input type=\"hidden\" name=\"_wpcf7cf_hidden_groups\" value=\"[]\" \/><input type=\"hidden\" name=\"_wpcf7cf_visible_groups\" value=\"[]\" \/><input type=\"hidden\" name=\"_wpcf7cf_repeaters\" value=\"[]\" \/><input type=\"hidden\" name=\"_wpcf7cf_steps\" value=\"{}\" \/><input type=\"hidden\" name=\"_wpcf7cf_options\" value=\"{&quot;form_id&quot;:2857,&quot;conditions&quot;:[{&quot;then_field&quot;:&quot;tipologia-camping&quot;,&quot;and_rules&quot;:[{&quot;if_field&quot;:&quot;sistemazione&quot;,&quot;operator&quot;:&quot;equals&quot;,&quot;if_value&quot;:&quot;Campingplatz&quot;}]},{&quot;then_field&quot;:&quot;tipologia-appartamenti&quot;,&quot;and_rules&quot;:[{&quot;if_field&quot;:&quot;sistemazione&quot;,&quot;operator&quot;:&quot;equals&quot;,&quot;if_value&quot;:&quot;Appartement&quot;}]},{&quot;then_field&quot;:&quot;piazzola-camper&quot;,&quot;and_rules&quot;:[{&quot;if_field&quot;:&quot;piazzola&quot;,&quot;operator&quot;:&quot;equals&quot;,&quot;if_value&quot;:&quot;Wohnmobil&quot;}]},{&quot;then_field&quot;:&quot;piazzola-minibus&quot;,&quot;and_rules&quot;:[{&quot;if_field&quot;:&quot;piazzola&quot;,&quot;operator&quot;:&quot;equals&quot;,&quot;if_value&quot;:&quot;Kleinbus&quot;}]},{&quot;then_field&quot;:&quot;piazzola-caravan&quot;,&quot;and_rules&quot;:[{&quot;if_field&quot;:&quot;piazzola&quot;,&quot;operator&quot;:&quot;equals&quot;,&quot;if_value&quot;:&quot;Wohnwagen&quot;}]},{&quot;then_field&quot;:&quot;piazzola-auto&quot;,&quot;and_rules&quot;:[{&quot;if_field&quot;:&quot;piazzola&quot;,&quot;operator&quot;:&quot;equals&quot;,&quot;if_value&quot;:&quot;Auto\\\/Motorrad&quot;}]},{&quot;then_field&quot;:&quot;piazzola-tenda&quot;,&quot;and_rules&quot;:[{&quot;if_field&quot;:&quot;piazzola&quot;,&quot;operator&quot;:&quot;equals&quot;,&quot;if_value&quot;:&quot;Zelt&quot;}]}],&quot;settings&quot;:{&quot;animation&quot;:&quot;yes&quot;,&quot;animation_intime&quot;:200,&quot;animation_outtime&quot;:200,&quot;conditions_ui&quot;:&quot;normal&quot;,&quot;notice_dismissed&quot;:false,&quot;notice_dismissed_rollback-cf7-5.7.7&quot;:true,&quot;notice_dismissed_rollback-cf7-5.8.7&quot;:true,&quot;notice_dismissed_rollback-cf7-5.9.5&quot;:true}}\" \/>\n<\/fieldset>\n<div class=\"column one-second\">\n\t<p>Name* <span class=\"wpcf7-form-control-wrap\" data-name=\"nome\"><input size=\"40\" maxlength=\"400\" class=\"wpcf7-form-control wpcf7-text wpcf7-validates-as-required\" aria-required=\"true\" aria-invalid=\"false\" value=\"\" type=\"text\" name=\"nome\" \/><\/span>\n\t<\/p>\n<\/div>\n<div class=\"column one-second\">\n\t<p>Nachname* <span class=\"wpcf7-form-control-wrap\" data-name=\"cognome\"><input size=\"40\" maxlength=\"400\" class=\"wpcf7-form-control wpcf7-text wpcf7-validates-as-required\" aria-required=\"true\" aria-invalid=\"false\" value=\"\" type=\"text\" name=\"cognome\" \/><\/span>\n\t<\/p>\n<\/div>\n<div class=\"column two-third\">\n\t<p>Email* <span class=\"wpcf7-form-control-wrap\" data-name=\"email\"><input size=\"40\" maxlength=\"400\" class=\"wpcf7-form-control wpcf7-email wpcf7-validates-as-required wpcf7-text wpcf7-validates-as-email\" aria-required=\"true\" aria-invalid=\"false\" value=\"\" type=\"email\" name=\"email\" \/><\/span>\n\t<\/p>\n<\/div>\n<div class=\"column one-third\">\n\t<p>Telefon* <span class=\"wpcf7-form-control-wrap\" data-name=\"telefono\"><input size=\"40\" maxlength=\"400\" class=\"wpcf7-form-control wpcf7-tel wpcf7-validates-as-required wpcf7-text wpcf7-validates-as-tel\" aria-required=\"true\" aria-invalid=\"false\" value=\"\" type=\"tel\" name=\"telefono\" \/><\/span>\n\t<\/p>\n<\/div>\n<div class=\"column one-second\">\n\t<p>Beginn des Aufenthalts* <span class=\"wpcf7-form-control-wrap\" data-name=\"arrivo\"><input class=\"wpcf7-form-control wpcf7-date wpcf7-validates-as-required wpcf7-validates-as-date\" aria-required=\"true\" aria-invalid=\"false\" value=\"\" type=\"date\" name=\"arrivo\" \/><\/span>\n\t<\/p>\n<\/div>\n<div class=\"column one-second\">\n\t<p>Ende des Aufenthalts* <span class=\"wpcf7-form-control-wrap\" data-name=\"partenza\"><input class=\"wpcf7-form-control wpcf7-date wpcf7-validates-as-required wpcf7-validates-as-date\" aria-required=\"true\" aria-invalid=\"false\" value=\"\" type=\"date\" name=\"partenza\" \/><\/span>\n\t<\/p>\n<\/div>\n<p>Art der Unterkunft: <span class=\"wpcf7-form-control-wrap\" data-name=\"sistemazione\"><span class=\"wpcf7-form-control wpcf7-radio\"><span class=\"wpcf7-list-item first\"><label><input type=\"radio\" name=\"sistemazione\" value=\"Campingplatz\" checked=\"checked\" \/><span class=\"wpcf7-list-item-label\">Campingplatz<\/span><\/label><\/span><span class=\"wpcf7-list-item last\"><label><input type=\"radio\" name=\"sistemazione\" value=\"Appartement\" \/><span class=\"wpcf7-list-item-label\">Appartement<\/span><\/label><\/span><\/span><\/span>\n<\/p>\n<div data-id=\"tipologia-camping\" data-orig_data_id=\"tipologia-camping\"  class=\"\" data-class=\"wpcf7cf_group\">\n\t<div class=\"column one-third\">\n\t\t<p>Nr. Erwachsene* <span class=\"wpcf7-form-control-wrap\" data-name=\"adulti-c\"><input class=\"wpcf7-form-control wpcf7-number wpcf7-validates-as-required wpcf7-validates-as-number\" min=\"1\" aria-required=\"true\" aria-invalid=\"false\" value=\"\" type=\"number\" name=\"adulti-c\" \/><\/span>\n\t\t<\/p>\n\t<\/div>\n\t<div class=\"column one-third\">\n\t\t<p>Nr. Kinder (1-10 Jahre) <span class=\"wpcf7-form-control-wrap\" data-name=\"bambini-c\"><input class=\"wpcf7-form-control wpcf7-number wpcf7-validates-as-number\" aria-invalid=\"false\" value=\"\" type=\"number\" name=\"bambini-c\" \/><\/span>\n\t\t<\/p>\n\t<\/div>\n\t<div class=\"column one-third\">\n\t\t<p>Nr. Hunde <span class=\"wpcf7-form-control-wrap\" data-name=\"cani-c\"><input class=\"wpcf7-form-control wpcf7-number wpcf7-validates-as-number\" aria-invalid=\"false\" value=\"\" type=\"number\" name=\"cani-c\" \/><\/span>\n\t\t<\/p>\n\t<\/div>\n\t<p>Stellplatz f\u00fcr*: <span class=\"wpcf7-form-control-wrap\" data-name=\"piazzola\"><select class=\"wpcf7-form-control wpcf7-select wpcf7-validates-as-required\" aria-required=\"true\" aria-invalid=\"false\" name=\"piazzola\"><option value=\"Wohnmobil\">Wohnmobil<\/option><option value=\"Kleinbus\">Kleinbus<\/option><option value=\"Wohnwagen\">Wohnwagen<\/option><option value=\"Zelt\">Zelt<\/option><option value=\"Auto\/Motorrad\">Auto\/Motorrad<\/option><\/select><\/span>\n\t<\/p>\n\t<div data-id=\"piazzola-camper\" data-orig_data_id=\"piazzola-camper\"  class=\"\" data-class=\"wpcf7cf_group\">\n\t\t<div class=\"column one-second\">\n\t\t\t<p>Nr. Wohnmobil <span class=\"wpcf7-form-control-wrap\" data-name=\"camper\"><input class=\"wpcf7-form-control wpcf7-number wpcf7-validates-as-number\" aria-invalid=\"false\" placeholder=\"1\" value=\"\" type=\"number\" name=\"camper\" \/><\/span>\n\t\t\t<\/p>\n\t\t<\/div>\n\t\t<div class=\"column one-second\">\n\t\t\t<p>L\u00e4nge (m)* <span class=\"wpcf7-form-control-wrap\" data-name=\"l-camper\"><input class=\"wpcf7-form-control wpcf7-number wpcf7-validates-as-required wpcf7-validates-as-number\" aria-required=\"true\" aria-invalid=\"false\" value=\"\" type=\"number\" name=\"l-camper\" \/><\/span>\n\t\t\t<\/p>\n\t\t<\/div>\n\t<\/div>\n\t<div data-id=\"piazzola-minibus\" data-orig_data_id=\"piazzola-minibus\"  class=\"\" data-class=\"wpcf7cf_group\">\n\t\t<div class=\"column one-second\">\n\t\t\t<p>Nr. Kleinbus <span class=\"wpcf7-form-control-wrap\" data-name=\"minibus\"><input class=\"wpcf7-form-control wpcf7-number wpcf7-validates-as-number\" aria-invalid=\"false\" placeholder=\"1\" value=\"\" type=\"number\" name=\"minibus\" \/><\/span>\n\t\t\t<\/p>\n\t\t<\/div>\n\t\t<div class=\"column one-second\">\n\t\t\t<p>L\u00e4nge (m)* <span class=\"wpcf7-form-control-wrap\" data-name=\"l-minibus\"><input class=\"wpcf7-form-control wpcf7-number wpcf7-validates-as-required wpcf7-validates-as-number\" aria-required=\"true\" aria-invalid=\"false\" value=\"\" type=\"number\" name=\"l-minibus\" \/><\/span>\n\t\t\t<\/p>\n\t\t<\/div>\n\t<\/div>\n\t<div data-id=\"piazzola-caravan\" data-orig_data_id=\"piazzola-caravan\"  class=\"\" data-class=\"wpcf7cf_group\">\n\t\t<div class=\"column one-second\">\n\t\t\t<p>Nr. Wohnwagen <span class=\"wpcf7-form-control-wrap\" data-name=\"caravan\"><input class=\"wpcf7-form-control wpcf7-number wpcf7-validates-as-number\" aria-invalid=\"false\" placeholder=\"1\" value=\"\" type=\"number\" name=\"caravan\" \/><\/span>\n\t\t\t<\/p>\n\t\t<\/div>\n\t\t<div class=\"column one-second\">\n\t\t\t<p>L\u00e4nge (m)* <span class=\"wpcf7-form-control-wrap\" data-name=\"l-caravan\"><input class=\"wpcf7-form-control wpcf7-number wpcf7-validates-as-required wpcf7-validates-as-number\" aria-required=\"true\" aria-invalid=\"false\" value=\"\" type=\"number\" name=\"l-caravan\" \/><\/span>\n\t\t\t<\/p>\n\t\t<\/div>\n\t<\/div>\n\t<div data-id=\"piazzola-tenda\" data-orig_data_id=\"piazzola-tenda\"  class=\"\" data-class=\"wpcf7cf_group\">\n\t\t<div class=\"column one-third\">\n\t\t\t<p>Nr. Zelt <span class=\"wpcf7-form-control-wrap\" data-name=\"tenda\"><input class=\"wpcf7-form-control wpcf7-number wpcf7-validates-as-number\" aria-invalid=\"false\" placeholder=\"1\" value=\"\" type=\"number\" name=\"tenda\" \/><\/span>\n\t\t\t<\/p>\n\t\t<\/div>\n\t\t<div class=\"column one-third\">\n\t\t\t<p>L\u00e4nge (m)* <span class=\"wpcf7-form-control-wrap\" data-name=\"lun-tenda\"><input class=\"wpcf7-form-control wpcf7-number wpcf7-validates-as-required wpcf7-validates-as-number\" aria-required=\"true\" aria-invalid=\"false\" value=\"\" type=\"number\" name=\"lun-tenda\" \/><\/span>\n\t\t\t<\/p>\n\t\t<\/div>\n\t\t<div class=\"column one-third\">\n\t\t\t<p>Breite (m)* <span class=\"wpcf7-form-control-wrap\" data-name=\"lar-tenda\"><input class=\"wpcf7-form-control wpcf7-number wpcf7-validates-as-required wpcf7-validates-as-number\" aria-required=\"true\" aria-invalid=\"false\" value=\"\" type=\"number\" name=\"lar-tenda\" \/><\/span>\n\t\t\t<\/p>\n\t\t<\/div>\n\t<\/div>\n\t<div data-id=\"piazzola-auto\" data-orig_data_id=\"piazzola-auto\"  class=\"\" data-class=\"wpcf7cf_group\">\n\t\t<div class=\"column one\">\n\t\t\t<p>Nr. Auto\/Motorrad <span class=\"wpcf7-form-control-wrap\" data-name=\"auto\"><input class=\"wpcf7-form-control wpcf7-number wpcf7-validates-as-number\" aria-invalid=\"false\" placeholder=\"1\" value=\"\" type=\"number\" name=\"auto\" \/><\/span>\n\t\t\t<\/p>\n\t\t<\/div>\n\t<\/div>\n<\/div>\n<div data-id=\"tipologia-appartamenti\" data-orig_data_id=\"tipologia-appartamenti\"  class=\"\" data-class=\"wpcf7cf_group\">\n\t<div class=\"column one-third\">\n\t\t<p>Nr. Erwachsene* <span class=\"wpcf7-form-control-wrap\" data-name=\"adulti-a\"><input class=\"wpcf7-form-control wpcf7-number wpcf7-validates-as-required wpcf7-validates-as-number\" min=\"1\" aria-required=\"true\" aria-invalid=\"false\" value=\"\" type=\"number\" name=\"adulti-a\" \/><\/span>\n\t\t<\/p>\n\t<\/div>\n\t<div class=\"column one-third\">\n\t\t<p>Nr. Kinder (1-10 Jahre) <span class=\"wpcf7-form-control-wrap\" data-name=\"bambini-a\"><input class=\"wpcf7-form-control wpcf7-number wpcf7-validates-as-required wpcf7-validates-as-number\" aria-required=\"true\" aria-invalid=\"false\" value=\"\" type=\"number\" name=\"bambini-a\" \/><\/span>\n\t\t<\/p>\n\t<\/div>\n\t<div class=\"column one-third\">\n\t\t<p>Nr. Hunde <span class=\"wpcf7-form-control-wrap\" data-name=\"cani-a\"><input class=\"wpcf7-form-control wpcf7-number wpcf7-validates-as-number\" aria-invalid=\"false\" value=\"\" type=\"number\" name=\"cani-a\" \/><\/span>\n\t\t<\/p>\n\t<\/div>\n<\/div>\n<div class=\"column one\">\n\t<p>Nachricht <span class=\"wpcf7-form-control-wrap\" data-name=\"note\"><textarea cols=\"40\" rows=\"10\" maxlength=\"2000\" class=\"wpcf7-form-control wpcf7-textarea\" aria-invalid=\"false\" name=\"note\"><\/textarea><\/span>\n\t<\/p>\n<\/div>\n<p><strong>Datenschutz<\/strong><br \/>\nGem\u00e4\u00df Artikel 13 des Datenschutzgesetzes (Gesetzesverordnung Nr. 196 von 2003) informieren wir Sie dar\u00fcber, dass Ihre pers\u00f6nlichen Daten mit und ohne elektronische Hilfsmittel, mit Korrektheit, Rechtm\u00e4\u00dfigkeit und Transparenz und unter Wahrung Ihrer Rechte (Artikel 7 des Datenschutzgesetzes) verarbeitet werden. Die von Ihnen eingegebenen Daten werden zum Zweck der Erf\u00fcllung Ihrer Anfrage verwendet. Wenn Sie \u00fcber unsere k\u00fcnftigen Initiativen informiert werden m\u00f6chten, m\u00fcssen Sie Ihre ausdr\u00fcckliche Zustimmung erteilen. F\u00fcr weitere Informationen \u00fcber die Art und Weise der Datenverarbeitung, f\u00fcr die Beantragung der L\u00f6schung Ihrer Daten und f\u00fcr die Aus\u00fcbung der anderen Rechte, die Ihnen durch den Datenschutzkodex zuerkannt werden, k\u00f6nnen Sie sich jederzeit an den f\u00fcr die Verarbeitung Verantwortlichen unter folgender Adresse wenden: info@agriturismogolfostella.it<br \/>\n<span class=\"wpcf7-form-control-wrap\" data-name=\"privacy\"><span class=\"wpcf7-form-control wpcf7-acceptance\"><span class=\"wpcf7-list-item\"><label><input type=\"checkbox\" name=\"privacy\" value=\"1\" aria-invalid=\"false\" \/><span class=\"wpcf7-list-item-label\">Ich erkl\u00e4re, dass ich die Informationen \u00fcber die Verarbeitung meiner personenbezogenen Daten gelesen habe.<\/span><\/label><\/span><\/span><\/span>\n<\/p>\n<div class=\"column one\">\n\t<p><input class=\"wpcf7-form-control wpcf7-submit has-spinner button_full_width\" type=\"submit\" value=\"SENDEN\" \/>\n\t<\/p>\n<\/div><div class=\"wpcf7-response-output\" aria-hidden=\"true\"><\/div>\n<\/form>\n<\/div>\n<\/div>\n\t\t\t\t\t\t<\/div>\n\t\t\t\t<\/div>\n\t\t\t\t\t<\/div>\n\t\t<\/div>\n\t\t\t\t\t<\/div>\n\t\t<\/section>\n\t\t\t\t<\/div>\n\t\t","protected":false},"excerpt":{"rendered":"<p>Agriturismo Golfo Stellae Camping la RicciaVia Capo ai Pini, 1040Lacona &#8211; Isola d&#8217;Elba Tel. und Fax 0565.964356 mobil 347.7371793mobil 392.4440628info@agriturismogolfostella.it Verf\u00fcgbarkeit Anfrage zur Verf\u00fcgbarkeit NICHT verbindlich<span class=\"excerpt-hellip\"> [\u2026]<\/span><\/p>\n","protected":false},"author":2,"featured_media":0,"parent":0,"menu_order":0,"comment_status":"closed","ping_status":"closed","template":"","meta":{"footnotes":""},"class_list":["post-2562","page","type-page","status-publish","hentry"],"_links":{"self":[{"href":"https:\/\/www.agriturismogolfostella.it\/de\/wp-json\/wp\/v2\/pages\/2562","targetHints":{"allow":["GET"]}}],"collection":[{"href":"https:\/\/www.agriturismogolfostella.it\/de\/wp-json\/wp\/v2\/pages"}],"about":[{"href":"https:\/\/www.agriturismogolfostella.it\/de\/wp-json\/wp\/v2\/types\/page"}],"author":[{"embeddable":true,"href":"https:\/\/www.agriturismogolfostella.it\/de\/wp-json\/wp\/v2\/users\/2"}],"replies":[{"embeddable":true,"href":"https:\/\/www.agriturismogolfostella.it\/de\/wp-json\/wp\/v2\/comments?post=2562"}],"version-history":[{"count":5,"href":"https:\/\/www.agriturismogolfostella.it\/de\/wp-json\/wp\/v2\/pages\/2562\/revisions"}],"predecessor-version":[{"id":2863,"href":"https:\/\/www.agriturismogolfostella.it\/de\/wp-json\/wp\/v2\/pages\/2562\/revisions\/2863"}],"wp:attachment":[{"href":"https:\/\/www.agriturismogolfostella.it\/de\/wp-json\/wp\/v2\/media?parent=2562"}],"curies":[{"name":"wp","href":"https:\/\/api.w.org\/{rel}","templated":true}]}}