{"id":2604,"date":"2021-11-15T14:44:30","date_gmt":"2021-11-15T13:44:30","guid":{"rendered":"http:\/\/golfostella.youelba.com\/come-arrivare\/"},"modified":"2023-05-12T10:58:10","modified_gmt":"2023-05-12T08:58:10","slug":"wie-sie-uns-erreichen","status":"publish","type":"page","link":"https:\/\/www.agriturismogolfostella.it\/de\/wie-sie-uns-erreichen\/","title":{"rendered":"Wie Sie uns erreichen"},"content":{"rendered":"\t\t<div data-elementor-type=\"wp-page\" data-elementor-id=\"2604\" class=\"elementor elementor-2604 elementor-874\">\n\t\t\t\t\t\t<section class=\"elementor-section elementor-top-section elementor-element elementor-element-3458209 elementor-section-stretched elementor-section-boxed elementor-section-height-default elementor-section-height-default\" data-id=\"3458209\" data-element_type=\"section\" data-settings=\"{&quot;stretch_section&quot;:&quot;section-stretched&quot;,&quot;background_background&quot;:&quot;classic&quot;}\">\n\t\t\t\t\t\t<div class=\"elementor-container elementor-column-gap-wider\">\n\t\t\t\t\t<div class=\"elementor-column elementor-col-100 elementor-top-column elementor-element elementor-element-18764e6\" data-id=\"18764e6\" data-element_type=\"column\">\n\t\t\t<div class=\"elementor-widget-wrap elementor-element-populated\">\n\t\t\t\t\t\t<section class=\"elementor-section elementor-inner-section elementor-element elementor-element-557f142 elementor-section-boxed elementor-section-height-default elementor-section-height-default\" data-id=\"557f142\" data-element_type=\"section\">\n\t\t\t\t\t\t<div class=\"elementor-container elementor-column-gap-default\">\n\t\t\t\t\t<div class=\"elementor-column elementor-col-100 elementor-inner-column elementor-element elementor-element-f52e9d3\" data-id=\"f52e9d3\" data-element_type=\"column\">\n\t\t\t<div class=\"elementor-widget-wrap elementor-element-populated\">\n\t\t\t\t\t\t<div class=\"elementor-element elementor-element-e3bc059 elementor-widget elementor-widget-spacer\" data-id=\"e3bc059\" data-element_type=\"widget\" data-widget_type=\"spacer.default\">\n\t\t\t\t<div class=\"elementor-widget-container\">\n\t\t\t\t\t\t\t<div class=\"elementor-spacer\">\n\t\t\t<div class=\"elementor-spacer-inner\"><\/div>\n\t\t<\/div>\n\t\t\t\t\t\t<\/div>\n\t\t\t\t<\/div>\n\t\t\t\t\t<\/div>\n\t\t<\/div>\n\t\t\t\t\t<\/div>\n\t\t<\/section>\n\t\t\t\t\t<\/div>\n\t\t<\/div>\n\t\t\t\t\t<\/div>\n\t\t<\/section>\n\t\t\t\t<section class=\"elementor-section elementor-top-section elementor-element elementor-element-c154def elementor-section-stretched elementor-section-boxed elementor-section-height-default elementor-section-height-default\" data-id=\"c154def\" data-element_type=\"section\" data-settings=\"{&quot;stretch_section&quot;:&quot;section-stretched&quot;}\">\n\t\t\t\t\t\t<div class=\"elementor-container elementor-column-gap-wider\">\n\t\t\t\t\t<div class=\"elementor-column elementor-col-100 elementor-top-column elementor-element elementor-element-839ff77\" data-id=\"839ff77\" data-element_type=\"column\">\n\t\t\t<div class=\"elementor-widget-wrap elementor-element-populated\">\n\t\t\t\t\t\t<div class=\"elementor-element elementor-element-d408d55 elementor-widget elementor-widget-text-editor\" data-id=\"d408d55\" data-element_type=\"widget\" data-widget_type=\"text-editor.default\">\n\t\t\t\t<div class=\"elementor-widget-container\">\n\t\t\t\t\t\t\t\t\t<h3>Wie Sie uns erreichen<\/h3>\t\t\t\t\t\t\t\t<\/div>\n\t\t\t\t<\/div>\n\t\t\t\t<div class=\"elementor-element elementor-element-d4f5260 elementor-widget elementor-widget-text-editor\" data-id=\"d4f5260\" data-element_type=\"widget\" data-widget_type=\"text-editor.default\">\n\t\t\t\t<div class=\"elementor-widget-container\">\n\t\t\t\t\t\t\t\t\tIn Piombino angekommen, m\u00fcssen Sie nur noch die F\u00e4hre nehmen und das letzte St\u00fcck des Meeres, das Sie von der Insel Elba trennt, \u00fcberqueren. Es gibt zwei H\u00e4fen, in denen man auf der Insel anlegen kann: der <strong>Hafen von Portoferraio<\/strong> (der am st\u00e4rksten frequentierte, mit einer Fahrzeit von ca. 1 Stunde) und der <strong>Hafen von Rio Marina<\/strong> (weniger frequentiert wegen der langen kurvenreichen Stra\u00dfe, die man braucht, um die anderen Orte zu erreichen, mit einer Bootsfahrtzeit von ca. 40 Minuten).\n<h4>Von Portoferraio aus<\/h4>\nWenn Sie im Hafen von Portoferraio von Bord gehen, k\u00f6nnen Sie Lacona haupts\u00e4chlich \u00fcber zwei Stra\u00dfen erreichen:\n<ul>\n \t<li>Die k\u00fcrzere Stra\u00dfe ist etwa 9 km lang, die Fahrzeit betr\u00e4gt etwa 15 Minuten. Wenn Sie das Dorf Portoferraio links verlassen, biegen Sie am letzten Kreisverkehr vor den Sportpl\u00e4tzen rechts ab und fahren geradeaus weiter. Die Stra\u00dfe (die nicht in perfektem Zustand ist) f\u00fchrt einen H\u00fcgel hinauf und dann hinunter zu unserer Anlage. Wenn Sie in Lacona ankommen, kommen Sie am Ende der Abfahrt zu einem kleinen Kreisverkehr mit einem Minimarkt. Halten Sie sich etwa 1 km lang links (Richtung Capoliveri); unsere Einfahrt befindet sich unter der Stra\u00dfe, mit einem unbefestigten Platz und den Schildern der Anlage.<\/li>\n \t<li>Die zweite Stra\u00dfe ist ca. 12 km lang, mit einer Fahrzeit von ca. 20 Minuten. Wenn Sie die Stadt Portoferraio auf der linken Seite verlassen, fahren Sie am letzten Kreisverkehr vor den Sportpl\u00e4tzen ca. 5 km geradeaus; an der ersten gro\u00dfen Kreuzung, die Sie erreichen, biegen Sie rechts ab und folgen den Schildern nach Lacona. Die flache, landschaftlich reizvolle Stra\u00dfe f\u00fchrt Sie zu unserer Anlage. Die Einfahrt zu unserer Anlage befindet sich unterhalb der Stra\u00dfe, auf einem unbefestigten Platz mit den Schildern der Einrichtung (da sie sich in einer un\u00fcbersichtlichen Kurve befindet, empfehlen wir unseren G\u00e4sten, ein St\u00fcck weiter zu fahren und zu wenden, um aus der anderen Richtung zu kommen).<\/li>\n<\/ul>\t\t\t\t\t\t\t\t<\/div>\n\t\t\t\t<\/div>\n\t\t\t\t\t<\/div>\n\t\t<\/div>\n\t\t\t\t\t<\/div>\n\t\t<\/section>\n\t\t\t\t<section class=\"elementor-section elementor-top-section elementor-element elementor-element-2b04e7fc elementor-section-stretched elementor-section-boxed elementor-section-height-default elementor-section-height-default\" data-id=\"2b04e7fc\" data-element_type=\"section\" data-settings=\"{&quot;stretch_section&quot;:&quot;section-stretched&quot;,&quot;background_background&quot;:&quot;classic&quot;}\">\n\t\t\t\t\t\t<div class=\"elementor-container elementor-column-gap-wider\">\n\t\t\t\t\t<div class=\"elementor-column elementor-col-100 elementor-top-column elementor-element elementor-element-280b20b9\" data-id=\"280b20b9\" data-element_type=\"column\">\n\t\t\t<div class=\"elementor-widget-wrap elementor-element-populated\">\n\t\t\t\t\t\t<section class=\"elementor-section elementor-inner-section elementor-element elementor-element-2da7879c elementor-section-boxed elementor-section-height-default elementor-section-height-default\" data-id=\"2da7879c\" data-element_type=\"section\">\n\t\t\t\t\t\t<div class=\"elementor-container elementor-column-gap-default\">\n\t\t\t\t\t<div class=\"elementor-column elementor-col-100 elementor-inner-column elementor-element elementor-element-f272c3f\" data-id=\"f272c3f\" data-element_type=\"column\">\n\t\t\t<div class=\"elementor-widget-wrap\">\n\t\t\t\t\t\t\t<\/div>\n\t\t<\/div>\n\t\t\t\t\t<\/div>\n\t\t<\/section>\n\t\t\t\t<div class=\"elementor-element elementor-element-7d88f5e5 elementor-widget elementor-widget-spacer\" data-id=\"7d88f5e5\" data-element_type=\"widget\" data-widget_type=\"spacer.default\">\n\t\t\t\t<div class=\"elementor-widget-container\">\n\t\t\t\t\t\t\t<div class=\"elementor-spacer\">\n\t\t\t<div class=\"elementor-spacer-inner\"><\/div>\n\t\t<\/div>\n\t\t\t\t\t\t<\/div>\n\t\t\t\t<\/div>\n\t\t\t\t\t<\/div>\n\t\t<\/div>\n\t\t\t\t\t<\/div>\n\t\t<\/section>\n\t\t\t\t<section class=\"elementor-section elementor-top-section elementor-element elementor-element-39b7683 elementor-section-stretched elementor-section-boxed elementor-section-height-default elementor-section-height-default\" data-id=\"39b7683\" data-element_type=\"section\" data-settings=\"{&quot;stretch_section&quot;:&quot;section-stretched&quot;}\">\n\t\t\t\t\t\t<div class=\"elementor-container elementor-column-gap-wider\">\n\t\t\t\t\t<div class=\"elementor-column elementor-col-100 elementor-top-column elementor-element elementor-element-2d8d516\" data-id=\"2d8d516\" data-element_type=\"column\">\n\t\t\t<div class=\"elementor-widget-wrap elementor-element-populated\">\n\t\t\t\t\t\t<div class=\"elementor-element elementor-element-9355500 elementor-widget elementor-widget-text-editor\" data-id=\"9355500\" data-element_type=\"widget\" data-widget_type=\"text-editor.default\">\n\t\t\t\t<div class=\"elementor-widget-container\">\n\t\t\t\t\t\t\t\t\t<h4>Von Rio Marina aus<\/h4>\nWenn Sie im Hafen von Rio Marina von Bord gehen, ist der beste und praktischste Weg \u00fcber das Dorf Porto Azzurro (Gesamtentfernung 20 km und ca. 35 Minuten Fahrt). Sobald Sie das Schiff verlassen haben, fahren Sie hinauf in Richtung Rio nell&#8217;Elba und folgen den Schildern nach Porto Azzurro. In Porto Azzurro (einem der sch\u00f6nsten D\u00f6rfer der Insel) fahren Sie am Dorf vorbei und dann 7 km geradeaus, bis Sie an eine Gabelung kommen. Biegen Sie nach links in Richtung Lacona ab, verlassen Sie die Hauptstra\u00dfe und fahren Sie ca. 3,5 km weiter; unsere Einfahrt befindet sich unterhalb der Stra\u00dfe, auf einem unbefestigten Platz mit den Schildern der Einrichtung (da sie sich in einer un\u00fcbersichtlichen Kurve befindet, empfehlen wir unseren G\u00e4sten, ein St\u00fcck weiter zu fahren und zu wenden, um aus der anderen Richtung zu kommen).\t\t\t\t\t\t\t\t<\/div>\n\t\t\t\t<\/div>\n\t\t\t\t\t<\/div>\n\t\t<\/div>\n\t\t\t\t\t<\/div>\n\t\t<\/section>\n\t\t\t\t<section class=\"elementor-section elementor-top-section elementor-element elementor-element-d64c7d7 elementor-section-stretched elementor-section-boxed elementor-section-height-default elementor-section-height-default\" data-id=\"d64c7d7\" data-element_type=\"section\" data-settings=\"{&quot;stretch_section&quot;:&quot;section-stretched&quot;,&quot;background_background&quot;:&quot;classic&quot;}\">\n\t\t\t\t\t\t<div class=\"elementor-container elementor-column-gap-wider\">\n\t\t\t\t\t<div class=\"elementor-column elementor-col-100 elementor-top-column elementor-element elementor-element-4ec4ff2\" data-id=\"4ec4ff2\" data-element_type=\"column\">\n\t\t\t<div class=\"elementor-widget-wrap elementor-element-populated\">\n\t\t\t\t\t\t<section class=\"elementor-section elementor-inner-section elementor-element elementor-element-71cb67d elementor-section-boxed elementor-section-height-default elementor-section-height-default\" data-id=\"71cb67d\" data-element_type=\"section\">\n\t\t\t\t\t\t<div class=\"elementor-container elementor-column-gap-default\">\n\t\t\t\t\t<div class=\"elementor-column elementor-col-100 elementor-inner-column elementor-element elementor-element-432908f\" data-id=\"432908f\" data-element_type=\"column\">\n\t\t\t<div class=\"elementor-widget-wrap\">\n\t\t\t\t\t\t\t<\/div>\n\t\t<\/div>\n\t\t\t\t\t<\/div>\n\t\t<\/section>\n\t\t\t\t<div class=\"elementor-element elementor-element-d8dbe3d elementor-widget elementor-widget-spacer\" data-id=\"d8dbe3d\" data-element_type=\"widget\" data-widget_type=\"spacer.default\">\n\t\t\t\t<div class=\"elementor-widget-container\">\n\t\t\t\t\t\t\t<div class=\"elementor-spacer\">\n\t\t\t<div class=\"elementor-spacer-inner\"><\/div>\n\t\t<\/div>\n\t\t\t\t\t\t<\/div>\n\t\t\t\t<\/div>\n\t\t\t\t\t<\/div>\n\t\t<\/div>\n\t\t\t\t\t<\/div>\n\t\t<\/section>\n\t\t\t\t<section class=\"elementor-section elementor-top-section elementor-element elementor-element-f9bc5af elementor-section-stretched elementor-section-boxed elementor-section-height-default elementor-section-height-default\" data-id=\"f9bc5af\" data-element_type=\"section\" data-settings=\"{&quot;stretch_section&quot;:&quot;section-stretched&quot;}\">\n\t\t\t\t\t\t<div class=\"elementor-container elementor-column-gap-wider\">\n\t\t\t\t\t<div class=\"elementor-column elementor-col-100 elementor-top-column elementor-element elementor-element-c3ed486\" data-id=\"c3ed486\" data-element_type=\"column\">\n\t\t\t<div class=\"elementor-widget-wrap elementor-element-populated\">\n\t\t\t\t\t\t<div class=\"elementor-element elementor-element-ca9c2a8 elementor-widget elementor-widget-text-editor\" data-id=\"ca9c2a8\" data-element_type=\"widget\" data-widget_type=\"text-editor.default\">\n\t\t\t\t<div class=\"elementor-widget-container\">\n\t\t\t\t\t\t\t\t\t<p>Wenn Sie Ihr Ticket noch nicht gebucht haben, k\u00f6nnen Sie dies direkt \u00fcber den unten stehenden Link tun. Sobald Sie in unserer Einrichtung gebucht haben, erhalten Sie einen Code, mit dem <strong>Sie bis zu 20% Rabatt<\/strong> auf F\u00e4hrtickets erhalten.<\/p><p>Klicken Sie hier:<\/p>\t\t\t\t\t\t\t\t<\/div>\n\t\t\t\t<\/div>\n\t\t\t\t<div class=\"elementor-element elementor-element-968dc56 elementor-widget elementor-widget-image\" data-id=\"968dc56\" data-element_type=\"widget\" data-widget_type=\"image.default\">\n\t\t\t\t<div class=\"elementor-widget-container\">\n\t\t\t\t\t\t\t\t\t\t\t\t\t\t\t\t<a href=\"\/de\/die-faehren-nach-elba\/\" target=\"_blank\">\n\t\t\t\t\t\t\t<img decoding=\"async\" width=\"300\" height=\"121\" src=\"https:\/\/www.agriturismogolfostella.it\/wp-content\/uploads\/2023\/05\/mrferry.png\" class=\"attachment-full size-full wp-image-2841\" alt=\"\" srcset=\"https:\/\/www.agriturismogolfostella.it\/wp-content\/uploads\/2023\/05\/mrferry.png 300w, https:\/\/www.agriturismogolfostella.it\/wp-content\/uploads\/2023\/05\/mrferry-260x105.png 260w, https:\/\/www.agriturismogolfostella.it\/wp-content\/uploads\/2023\/05\/mrferry-50x20.png 50w, https:\/\/www.agriturismogolfostella.it\/wp-content\/uploads\/2023\/05\/mrferry-150x61.png 150w\" sizes=\"(max-width:767px) 300px, 300px\" \/>\t\t\t\t\t\t\t\t<\/a>\n\t\t\t\t\t\t\t\t\t\t\t\t\t\t\t<\/div>\n\t\t\t\t<\/div>\n\t\t\t\t\t<\/div>\n\t\t<\/div>\n\t\t\t\t\t<\/div>\n\t\t<\/section>\n\t\t\t\t<\/div>\n\t\t","protected":false},"excerpt":{"rendered":"<p>Wie Sie uns erreichen In Piombino angekommen, m\u00fcssen Sie nur noch die F\u00e4hre nehmen und das letzte St\u00fcck des Meeres, das Sie von der Insel Elba<span class=\"excerpt-hellip\"> [\u2026]<\/span><\/p>\n","protected":false},"author":2,"featured_media":0,"parent":0,"menu_order":0,"comment_status":"closed","ping_status":"closed","template":"","meta":{"footnotes":""},"class_list":["post-2604","page","type-page","status-publish","hentry"],"_links":{"self":[{"href":"https:\/\/www.agriturismogolfostella.it\/de\/wp-json\/wp\/v2\/pages\/2604","targetHints":{"allow":["GET"]}}],"collection":[{"href":"https:\/\/www.agriturismogolfostella.it\/de\/wp-json\/wp\/v2\/pages"}],"about":[{"href":"https:\/\/www.agriturismogolfostella.it\/de\/wp-json\/wp\/v2\/types\/page"}],"author":[{"embeddable":true,"href":"https:\/\/www.agriturismogolfostella.it\/de\/wp-json\/wp\/v2\/users\/2"}],"replies":[{"embeddable":true,"href":"https:\/\/www.agriturismogolfostella.it\/de\/wp-json\/wp\/v2\/comments?post=2604"}],"version-history":[{"count":5,"href":"https:\/\/www.agriturismogolfostella.it\/de\/wp-json\/wp\/v2\/pages\/2604\/revisions"}],"predecessor-version":[{"id":2848,"href":"https:\/\/www.agriturismogolfostella.it\/de\/wp-json\/wp\/v2\/pages\/2604\/revisions\/2848"}],"wp:attachment":[{"href":"https:\/\/www.agriturismogolfostella.it\/de\/wp-json\/wp\/v2\/media?parent=2604"}],"curies":[{"name":"wp","href":"https:\/\/api.w.org\/{rel}","templated":true}]}}