{"id":2619,"date":"2021-11-10T08:45:11","date_gmt":"2021-11-10T07:45:11","guid":{"rendered":"http:\/\/golfostella.youelba.com\/dove-siamo\/"},"modified":"2024-05-02T16:50:44","modified_gmt":"2024-05-02T14:50:44","slug":"wo-sie-uns-finden","status":"publish","type":"page","link":"https:\/\/www.agriturismogolfostella.it\/de\/wo-sie-uns-finden\/","title":{"rendered":"Wo Sie uns finden"},"content":{"rendered":"\t\t<div data-elementor-type=\"wp-page\" data-elementor-id=\"2619\" class=\"elementor elementor-2619 elementor-809\">\n\t\t\t\t\t\t<section class=\"elementor-section elementor-top-section elementor-element elementor-element-3458209 elementor-section-stretched elementor-section-boxed elementor-section-height-default elementor-section-height-default\" data-id=\"3458209\" data-element_type=\"section\" data-settings=\"{&quot;stretch_section&quot;:&quot;section-stretched&quot;,&quot;background_background&quot;:&quot;classic&quot;}\">\n\t\t\t\t\t\t<div class=\"elementor-container elementor-column-gap-wider\">\n\t\t\t\t\t<div class=\"elementor-column elementor-col-100 elementor-top-column elementor-element elementor-element-18764e6\" data-id=\"18764e6\" data-element_type=\"column\">\n\t\t\t<div class=\"elementor-widget-wrap elementor-element-populated\">\n\t\t\t\t\t\t<section class=\"elementor-section elementor-inner-section elementor-element elementor-element-557f142 elementor-section-boxed elementor-section-height-default elementor-section-height-default\" data-id=\"557f142\" data-element_type=\"section\">\n\t\t\t\t\t\t<div class=\"elementor-container elementor-column-gap-default\">\n\t\t\t\t\t<div class=\"elementor-column elementor-col-100 elementor-inner-column elementor-element elementor-element-f52e9d3\" data-id=\"f52e9d3\" data-element_type=\"column\">\n\t\t\t<div class=\"elementor-widget-wrap elementor-element-populated\">\n\t\t\t\t\t\t<div class=\"elementor-element elementor-element-e3bc059 elementor-widget elementor-widget-spacer\" data-id=\"e3bc059\" data-element_type=\"widget\" data-widget_type=\"spacer.default\">\n\t\t\t\t<div class=\"elementor-widget-container\">\n\t\t\t\t\t\t\t<div class=\"elementor-spacer\">\n\t\t\t<div class=\"elementor-spacer-inner\"><\/div>\n\t\t<\/div>\n\t\t\t\t\t\t<\/div>\n\t\t\t\t<\/div>\n\t\t\t\t\t<\/div>\n\t\t<\/div>\n\t\t\t\t\t<\/div>\n\t\t<\/section>\n\t\t\t\t\t<\/div>\n\t\t<\/div>\n\t\t\t\t\t<\/div>\n\t\t<\/section>\n\t\t\t\t<section class=\"elementor-section elementor-top-section elementor-element elementor-element-c154def elementor-section-stretched elementor-section-boxed elementor-section-height-default elementor-section-height-default\" data-id=\"c154def\" data-element_type=\"section\" data-settings=\"{&quot;stretch_section&quot;:&quot;section-stretched&quot;}\">\n\t\t\t\t\t\t<div class=\"elementor-container elementor-column-gap-default\">\n\t\t\t\t\t<div class=\"elementor-column elementor-col-50 elementor-top-column elementor-element elementor-element-839ff77\" data-id=\"839ff77\" data-element_type=\"column\">\n\t\t\t<div class=\"elementor-widget-wrap elementor-element-populated\">\n\t\t\t\t\t\t<div class=\"elementor-element elementor-element-fdf921f elementor-widget elementor-widget-text-editor\" data-id=\"fdf921f\" data-element_type=\"widget\" data-widget_type=\"text-editor.default\">\n\t\t\t\t<div class=\"elementor-widget-container\">\n\t\t\t\t\t\t\t\t\t<h3>Wo Sie uns finden<\/h3>\t\t\t\t\t\t\t\t<\/div>\n\t\t\t\t<\/div>\n\t\t\t\t<div class=\"elementor-element elementor-element-d4f5260 elementor-widget elementor-widget-text-editor\" data-id=\"d4f5260\" data-element_type=\"widget\" data-widget_type=\"text-editor.default\">\n\t\t\t\t<div class=\"elementor-widget-container\">\n\t\t\t\t\t\t\t\t\tWir befinden uns auf der Westseite von Lacona, in jenem Abschnitt der S\u00fcdk\u00fcste der Insel, der von Buchten und Str\u00e4nden aller Art ges\u00e4umt ist. Genauer gesagt am Ende von Margidore, der sich am Fu\u00dfe des Vorgebirges Capo Stella befindet. Der Strand ist sehr lang, mehr als 750 Meter, und besteht aus gut geschliffenen Kieselsteinen verschiedener Gr\u00f6\u00dfe, meist grau, aber auch r\u00f6tlich, und kurzen Abschnitten, wo es nur Sand gibt.\t\t\t\t\t\t\t\t<\/div>\n\t\t\t\t<\/div>\n\t\t\t\t\t<\/div>\n\t\t<\/div>\n\t\t\t\t<div class=\"elementor-column elementor-col-50 elementor-top-column elementor-element elementor-element-bd12864\" data-id=\"bd12864\" data-element_type=\"column\">\n\t\t\t<div class=\"elementor-widget-wrap elementor-element-populated\">\n\t\t\t\t\t\t<div class=\"elementor-element elementor-element-0221e86 elementor-widget elementor-widget-image\" data-id=\"0221e86\" data-element_type=\"widget\" data-widget_type=\"image.default\">\n\t\t\t\t<div class=\"elementor-widget-container\">\n\t\t\t\t\t\t\t\t\t\t\t\t\t\t\t<img fetchpriority=\"high\" decoding=\"async\" width=\"1024\" height=\"576\" src=\"https:\/\/www.agriturismogolfostella.it\/wp-content\/uploads\/2021\/11\/margidore-1024x576.jpg\" class=\"attachment-large size-large wp-image-1997\" alt=\"\" srcset=\"https:\/\/www.agriturismogolfostella.it\/wp-content\/uploads\/2021\/11\/margidore-1024x576.jpg 1024w, https:\/\/www.agriturismogolfostella.it\/wp-content\/uploads\/2021\/11\/margidore-300x169.jpg 300w, https:\/\/www.agriturismogolfostella.it\/wp-content\/uploads\/2021\/11\/margidore-768x432.jpg 768w, https:\/\/www.agriturismogolfostella.it\/wp-content\/uploads\/2021\/11\/margidore-1536x864.jpg 1536w, https:\/\/www.agriturismogolfostella.it\/wp-content\/uploads\/2021\/11\/margidore-260x146.jpg 260w, https:\/\/www.agriturismogolfostella.it\/wp-content\/uploads\/2021\/11\/margidore-50x28.jpg 50w, https:\/\/www.agriturismogolfostella.it\/wp-content\/uploads\/2021\/11\/margidore-133x75.jpg 133w, https:\/\/www.agriturismogolfostella.it\/wp-content\/uploads\/2021\/11\/margidore-1200x675.jpg 1200w, https:\/\/www.agriturismogolfostella.it\/wp-content\/uploads\/2021\/11\/margidore.jpg 1920w\" sizes=\"(max-width:767px) 480px, (max-width:1024px) 100vw, 1024px\" \/>\t\t\t\t\t\t\t\t\t\t\t\t\t\t\t<\/div>\n\t\t\t\t<\/div>\n\t\t\t\t\t<\/div>\n\t\t<\/div>\n\t\t\t\t\t<\/div>\n\t\t<\/section>\n\t\t\t\t<section class=\"elementor-section elementor-top-section elementor-element elementor-element-58580a8 elementor-section-stretched elementor-section-boxed elementor-section-height-default elementor-section-height-default\" data-id=\"58580a8\" data-element_type=\"section\" data-settings=\"{&quot;stretch_section&quot;:&quot;section-stretched&quot;}\">\n\t\t\t\t\t\t<div class=\"elementor-container elementor-column-gap-default\">\n\t\t\t\t\t<div class=\"elementor-column elementor-col-100 elementor-top-column elementor-element elementor-element-aa5b0ed\" data-id=\"aa5b0ed\" data-element_type=\"column\">\n\t\t\t<div class=\"elementor-widget-wrap elementor-element-populated\">\n\t\t\t\t\t\t<div class=\"elementor-element elementor-element-69b77b3 elementor-widget elementor-widget-text-editor\" data-id=\"69b77b3\" data-element_type=\"widget\" data-widget_type=\"text-editor.default\">\n\t\t\t\t<div class=\"elementor-widget-container\">\n\t\t\t\t\t\t\t\t\t<p>Auf der rechten Seite des Strandes befindet sich ein Kran, mit dem kleine und mittelgro\u00dfe Boote an Land gezogen werden k\u00f6nnen, die dann in dem kleinen Hafen, der sich ebenfalls auf der rechten Seite befindet, Schutz und einen Liegeplatz finden.<\/p><p>Der gesamte Strand ist frei zug\u00e4nglich, mit Ausnahme eines kleinen Abschnitts in der Mitte mit zwei Strandb\u00e4dern und einer Bar. Wie auf der ganzen Insel wechselt die Farbe des Meeres zwischen blau und t\u00fcrkis, es ist klar und l\u00e4dt mit seinem abfallenden Meeresboden zum Schwimmen ein.<\/p><p>Am Strand gibt es einen Kanu- und Tretbootverleih, Liegest\u00fchle, Sonnenschirme und eine Windsurfing-Schule. Mit einem Tretboot oder einem Boot ausgestattet, lohnt es sich, an dem sch\u00f6nen kleinen Strand von Capo Pini auf der linken Seite, vorbei an Capo Marinaro, zu baden. Der kleine Strand ist auch zum Schnorcheln geeignet.<\/p>\t\t\t\t\t\t\t\t<\/div>\n\t\t\t\t<\/div>\n\t\t\t\t\t<\/div>\n\t\t<\/div>\n\t\t\t\t\t<\/div>\n\t\t<\/section>\n\t\t\t\t<section class=\"elementor-section elementor-top-section elementor-element elementor-element-2b04e7fc elementor-section-stretched elementor-section-boxed elementor-section-height-default elementor-section-height-default\" data-id=\"2b04e7fc\" data-element_type=\"section\" data-settings=\"{&quot;stretch_section&quot;:&quot;section-stretched&quot;,&quot;background_background&quot;:&quot;slideshow&quot;,&quot;background_slideshow_gallery&quot;:[{&quot;id&quot;:1570,&quot;url&quot;:&quot;https:\\\/\\\/www.agriturismogolfostella.it\\\/wp-content\\\/uploads\\\/2023\\\/04\\\/DSC_8193.jpg&quot;},{&quot;id&quot;:1630,&quot;url&quot;:&quot;https:\\\/\\\/www.agriturismogolfostella.it\\\/wp-content\\\/uploads\\\/2023\\\/04\\\/DJI_0414.jpg&quot;}],&quot;background_slideshow_slide_duration&quot;:7000,&quot;background_slideshow_slide_transition&quot;:&quot;slide_left&quot;,&quot;background_slideshow_loop&quot;:&quot;yes&quot;,&quot;background_slideshow_transition_duration&quot;:500}\">\n\t\t\t\t\t\t<div class=\"elementor-container elementor-column-gap-wider\">\n\t\t\t\t\t<div class=\"elementor-column elementor-col-100 elementor-top-column elementor-element elementor-element-280b20b9\" data-id=\"280b20b9\" data-element_type=\"column\">\n\t\t\t<div class=\"elementor-widget-wrap elementor-element-populated\">\n\t\t\t\t\t\t<section class=\"elementor-section elementor-inner-section elementor-element elementor-element-2da7879c elementor-section-boxed elementor-section-height-default elementor-section-height-default\" data-id=\"2da7879c\" data-element_type=\"section\">\n\t\t\t\t\t\t<div class=\"elementor-container elementor-column-gap-default\">\n\t\t\t\t\t<div class=\"elementor-column elementor-col-100 elementor-inner-column elementor-element elementor-element-f272c3f\" data-id=\"f272c3f\" data-element_type=\"column\">\n\t\t\t<div class=\"elementor-widget-wrap\">\n\t\t\t\t\t\t\t<\/div>\n\t\t<\/div>\n\t\t\t\t\t<\/div>\n\t\t<\/section>\n\t\t\t\t<div class=\"elementor-element elementor-element-7d88f5e5 elementor-widget elementor-widget-spacer\" data-id=\"7d88f5e5\" data-element_type=\"widget\" data-widget_type=\"spacer.default\">\n\t\t\t\t<div class=\"elementor-widget-container\">\n\t\t\t\t\t\t\t<div class=\"elementor-spacer\">\n\t\t\t<div class=\"elementor-spacer-inner\"><\/div>\n\t\t<\/div>\n\t\t\t\t\t\t<\/div>\n\t\t\t\t<\/div>\n\t\t\t\t\t<\/div>\n\t\t<\/div>\n\t\t\t\t\t<\/div>\n\t\t<\/section>\n\t\t\t\t<section class=\"elementor-section elementor-top-section elementor-element elementor-element-b02e0b9 elementor-section-stretched elementor-section-boxed elementor-section-height-default elementor-section-height-default\" data-id=\"b02e0b9\" data-element_type=\"section\" data-settings=\"{&quot;stretch_section&quot;:&quot;section-stretched&quot;}\">\n\t\t\t\t\t\t<div class=\"elementor-container elementor-column-gap-default\">\n\t\t\t\t\t<div class=\"elementor-column elementor-col-100 elementor-top-column elementor-element elementor-element-ebec9c1\" data-id=\"ebec9c1\" data-element_type=\"column\">\n\t\t\t<div class=\"elementor-widget-wrap elementor-element-populated\">\n\t\t\t\t\t\t<div class=\"elementor-element elementor-element-0ea230a elementor-widget elementor-widget-text-editor\" data-id=\"0ea230a\" data-element_type=\"widget\" data-widget_type=\"text-editor.default\">\n\t\t\t\t<div class=\"elementor-widget-container\">\n\t\t\t\t\t\t\t\t\t<p>Margidore ist in der Regel ein sehr ruhiger und nicht \u00fcberf\u00fcllter Strand, dank der N\u00e4he des <strong>gro\u00dfen Strandes von Lacona<\/strong>, auf der anderen Seite des Vorgebirges, der fast alle Jugendlichen und Kinder der Gegend anzieht, aber vor allem wegen der wenigen Parkpl\u00e4tze, au\u00dfer in der N\u00e4he des Hafens. In s\u00fcd\u00f6stlicher Richtung bietet der Margidore ein abwechslungsreiches Panorama der K\u00fcste: von der Halbinsel Calamita bis zu den Gemini-Inseln. Auf der rechten Seite hingegen erhebt sich die Landzunge von Capo di Stella, hinter der die beiden anderen Hauptstr\u00e4nde des Ortes liegen: Lacona und Laconella. Zwei Str\u00e4nde mit feinem Sand und flachem Wasser.<\/p>\t\t\t\t\t\t\t\t<\/div>\n\t\t\t\t<\/div>\n\t\t\t\t\t<\/div>\n\t\t<\/div>\n\t\t\t\t\t<\/div>\n\t\t<\/section>\n\t\t\t\t<section class=\"elementor-section elementor-top-section elementor-element elementor-element-50e2bb5 elementor-section-stretched elementor-section-boxed elementor-section-height-default elementor-section-height-default\" data-id=\"50e2bb5\" data-element_type=\"section\" data-settings=\"{&quot;stretch_section&quot;:&quot;section-stretched&quot;}\">\n\t\t\t\t\t\t<div class=\"elementor-container elementor-column-gap-default\">\n\t\t\t\t\t<div class=\"elementor-column elementor-col-50 elementor-top-column elementor-element elementor-element-c2ddbc2\" data-id=\"c2ddbc2\" data-element_type=\"column\">\n\t\t\t<div class=\"elementor-widget-wrap elementor-element-populated\">\n\t\t\t\t\t\t<div class=\"elementor-element elementor-element-fc031b3 elementor-widget elementor-widget-image\" data-id=\"fc031b3\" data-element_type=\"widget\" data-widget_type=\"image.default\">\n\t\t\t\t<div class=\"elementor-widget-container\">\n\t\t\t\t\t\t\t\t\t\t\t\t\t\t\t<img decoding=\"async\" width=\"1024\" height=\"576\" src=\"https:\/\/www.agriturismogolfostella.it\/wp-content\/uploads\/2023\/04\/DJI_0409-1024x576.jpg\" class=\"attachment-large size-large wp-image-2264\" alt=\"\" srcset=\"https:\/\/www.agriturismogolfostella.it\/wp-content\/uploads\/2023\/04\/DJI_0409-1024x576.jpg 1024w, https:\/\/www.agriturismogolfostella.it\/wp-content\/uploads\/2023\/04\/DJI_0409-300x169.jpg 300w, https:\/\/www.agriturismogolfostella.it\/wp-content\/uploads\/2023\/04\/DJI_0409-768x432.jpg 768w, https:\/\/www.agriturismogolfostella.it\/wp-content\/uploads\/2023\/04\/DJI_0409-1536x864.jpg 1536w, https:\/\/www.agriturismogolfostella.it\/wp-content\/uploads\/2023\/04\/DJI_0409-260x146.jpg 260w, https:\/\/www.agriturismogolfostella.it\/wp-content\/uploads\/2023\/04\/DJI_0409-50x28.jpg 50w, https:\/\/www.agriturismogolfostella.it\/wp-content\/uploads\/2023\/04\/DJI_0409-133x75.jpg 133w, https:\/\/www.agriturismogolfostella.it\/wp-content\/uploads\/2023\/04\/DJI_0409-1200x675.jpg 1200w, https:\/\/www.agriturismogolfostella.it\/wp-content\/uploads\/2023\/04\/DJI_0409.jpg 1920w\" sizes=\"(max-width:767px) 480px, (max-width:1024px) 100vw, 1024px\" \/>\t\t\t\t\t\t\t\t\t\t\t\t\t\t\t<\/div>\n\t\t\t\t<\/div>\n\t\t\t\t\t<\/div>\n\t\t<\/div>\n\t\t\t\t<div class=\"elementor-column elementor-col-50 elementor-top-column elementor-element elementor-element-5b9db19\" data-id=\"5b9db19\" data-element_type=\"column\">\n\t\t\t<div class=\"elementor-widget-wrap elementor-element-populated\">\n\t\t\t\t\t\t<div class=\"elementor-element elementor-element-85bf41f elementor-widget elementor-widget-image\" data-id=\"85bf41f\" data-element_type=\"widget\" data-widget_type=\"image.default\">\n\t\t\t\t<div class=\"elementor-widget-container\">\n\t\t\t\t\t\t\t\t\t\t\t\t\t\t\t<img decoding=\"async\" width=\"1024\" height=\"576\" src=\"https:\/\/www.agriturismogolfostella.it\/wp-content\/uploads\/2023\/04\/DJI_0412-1-1024x576.jpg\" class=\"attachment-large size-large wp-image-2276\" alt=\"\" srcset=\"https:\/\/www.agriturismogolfostella.it\/wp-content\/uploads\/2023\/04\/DJI_0412-1-1024x576.jpg 1024w, https:\/\/www.agriturismogolfostella.it\/wp-content\/uploads\/2023\/04\/DJI_0412-1-300x169.jpg 300w, https:\/\/www.agriturismogolfostella.it\/wp-content\/uploads\/2023\/04\/DJI_0412-1-768x432.jpg 768w, https:\/\/www.agriturismogolfostella.it\/wp-content\/uploads\/2023\/04\/DJI_0412-1-1536x864.jpg 1536w, https:\/\/www.agriturismogolfostella.it\/wp-content\/uploads\/2023\/04\/DJI_0412-1-260x146.jpg 260w, https:\/\/www.agriturismogolfostella.it\/wp-content\/uploads\/2023\/04\/DJI_0412-1-50x28.jpg 50w, https:\/\/www.agriturismogolfostella.it\/wp-content\/uploads\/2023\/04\/DJI_0412-1-133x75.jpg 133w, https:\/\/www.agriturismogolfostella.it\/wp-content\/uploads\/2023\/04\/DJI_0412-1-1200x675.jpg 1200w, https:\/\/www.agriturismogolfostella.it\/wp-content\/uploads\/2023\/04\/DJI_0412-1.jpg 1920w\" sizes=\"(max-width:767px) 480px, (max-width:1024px) 100vw, 1024px\" \/>\t\t\t\t\t\t\t\t\t\t\t\t\t\t\t<\/div>\n\t\t\t\t<\/div>\n\t\t\t\t\t<\/div>\n\t\t<\/div>\n\t\t\t\t\t<\/div>\n\t\t<\/section>\n\t\t\t\t<section class=\"elementor-section elementor-top-section elementor-element elementor-element-c56d05b elementor-section-stretched elementor-section-boxed elementor-section-height-default elementor-section-height-default\" data-id=\"c56d05b\" data-element_type=\"section\" data-settings=\"{&quot;stretch_section&quot;:&quot;section-stretched&quot;}\">\n\t\t\t\t\t\t<div class=\"elementor-container elementor-column-gap-default\">\n\t\t\t\t\t<div class=\"elementor-column elementor-col-100 elementor-top-column elementor-element elementor-element-939c4a6\" data-id=\"939c4a6\" data-element_type=\"column\">\n\t\t\t<div class=\"elementor-widget-wrap elementor-element-populated\">\n\t\t\t\t\t\t<div class=\"elementor-element elementor-element-b1b043c elementor-widget elementor-widget-text-editor\" data-id=\"b1b043c\" data-element_type=\"widget\" data-widget_type=\"text-editor.default\">\n\t\t\t\t<div class=\"elementor-widget-container\">\n\t\t\t\t\t\t\t\t\tBevor man den Strand von Lacona erreicht, befindet sich die Hauptstra\u00dfe von Lacona (Via del Moletto) mit einer Apotheke, einer B\u00e4ckerei, verschiedenen Bars und Restaurants, einem Minimarkt und einem Bazar\/Kiosk. Donnerstags abends und sonntags morgens findet entlang der Stra\u00dfe ein Wochenmarkt statt, und jeden Morgen gibt es frisches Obst und Gem\u00fcse aus Lacona.\t\t\t\t\t\t\t\t<\/div>\n\t\t\t\t<\/div>\n\t\t\t\t\t<\/div>\n\t\t<\/div>\n\t\t\t\t\t<\/div>\n\t\t<\/section>\n\t\t\t\t<section class=\"elementor-section elementor-top-section elementor-element elementor-element-f1e091a elementor-section-stretched elementor-section-boxed elementor-section-height-default elementor-section-height-default\" data-id=\"f1e091a\" data-element_type=\"section\" data-settings=\"{&quot;stretch_section&quot;:&quot;section-stretched&quot;}\">\n\t\t\t\t\t\t<div class=\"elementor-container elementor-column-gap-default\">\n\t\t\t\t\t<div class=\"elementor-column elementor-col-50 elementor-top-column elementor-element elementor-element-87283ee\" data-id=\"87283ee\" data-element_type=\"column\">\n\t\t\t<div class=\"elementor-widget-wrap elementor-element-populated\">\n\t\t\t\t\t\t<div class=\"elementor-element elementor-element-aef9387 elementor-widget elementor-widget-text-editor\" data-id=\"aef9387\" data-element_type=\"widget\" data-widget_type=\"text-editor.default\">\n\t\t\t\t<div class=\"elementor-widget-container\">\n\t\t\t\t\t\t\t\t\t<p>Neben dem sch\u00f6nen Wasser liegt Lacona mitten im Gr\u00fcn der dichten mediterranen Vegetation.<\/p><p>Im Herbst und vor allem im Fr\u00fchling ist es ein idealer Ort f\u00fcr alle, die das Strandleben mit Aktivit\u00e4ten in der Natur verbinden m\u00f6chten, von entspannenden Spazierg\u00e4ngen bis hin zu aufregenden Mountainbike-Touren. In den H\u00fcgeln, die den Ort umgeben, schl\u00e4ngeln sich zahlreiche Wege zwischen Felsen und Pflanzen hindurch und bieten einzigartige Ausblicke.<\/p><p>Wer seine Abende abwechslungsreich gestalten m\u00f6chte, kann von Lacona aus in wenigen Minuten mit dem Auto die wichtigsten Orte Elbas erreichen (Portoferraio 8 km, Capoliveri 12 km, Porto Azzurro 10 km, Marina di Campo 10 km).<\/p>\t\t\t\t\t\t\t\t<\/div>\n\t\t\t\t<\/div>\n\t\t\t\t\t<\/div>\n\t\t<\/div>\n\t\t\t\t<div class=\"elementor-column elementor-col-50 elementor-top-column elementor-element elementor-element-db401ec\" data-id=\"db401ec\" data-element_type=\"column\">\n\t\t\t<div class=\"elementor-widget-wrap elementor-element-populated\">\n\t\t\t\t\t\t<div class=\"elementor-element elementor-element-949e7fc elementor-widget elementor-widget-image\" data-id=\"949e7fc\" data-element_type=\"widget\" data-widget_type=\"image.default\">\n\t\t\t\t<div class=\"elementor-widget-container\">\n\t\t\t\t\t\t\t\t\t\t\t\t\t\t\t<img loading=\"lazy\" decoding=\"async\" width=\"841\" height=\"594\" src=\"https:\/\/www.agriturismogolfostella.it\/wp-content\/uploads\/2021\/11\/sentieri.jpg\" class=\"attachment-large size-large wp-image-2003\" alt=\"\" srcset=\"https:\/\/www.agriturismogolfostella.it\/wp-content\/uploads\/2021\/11\/sentieri.jpg 841w, https:\/\/www.agriturismogolfostella.it\/wp-content\/uploads\/2021\/11\/sentieri-300x212.jpg 300w, https:\/\/www.agriturismogolfostella.it\/wp-content\/uploads\/2021\/11\/sentieri-768x542.jpg 768w, https:\/\/www.agriturismogolfostella.it\/wp-content\/uploads\/2021\/11\/sentieri-207x146.jpg 207w, https:\/\/www.agriturismogolfostella.it\/wp-content\/uploads\/2021\/11\/sentieri-50x35.jpg 50w, https:\/\/www.agriturismogolfostella.it\/wp-content\/uploads\/2021\/11\/sentieri-106x75.jpg 106w\" sizes=\"(max-width:767px) 480px, (max-width:841px) 100vw, 841px\" \/>\t\t\t\t\t\t\t\t\t\t\t\t\t\t\t<\/div>\n\t\t\t\t<\/div>\n\t\t\t\t\t<\/div>\n\t\t<\/div>\n\t\t\t\t\t<\/div>\n\t\t<\/section>\n\t\t\t\t<section class=\"elementor-section elementor-top-section elementor-element elementor-element-fd5f127 elementor-hidden-desktop elementor-hidden-tablet elementor-hidden-mobile elementor-section-boxed elementor-section-height-default elementor-section-height-default\" data-id=\"fd5f127\" data-element_type=\"section\">\n\t\t\t\t\t\t<div class=\"elementor-container elementor-column-gap-default\">\n\t\t\t\t\t<div class=\"elementor-column elementor-col-100 elementor-top-column elementor-element elementor-element-89e2277\" data-id=\"89e2277\" data-element_type=\"column\">\n\t\t\t<div class=\"elementor-widget-wrap elementor-element-populated\">\n\t\t\t\t\t\t<div class=\"elementor-element elementor-element-d408d55 elementor-widget elementor-widget-text-editor\" data-id=\"d408d55\" data-element_type=\"widget\" data-widget_type=\"text-editor.default\">\n\t\t\t\t<div class=\"elementor-widget-container\">\n\t\t\t\t\t\t\t\t\t<h3>Online-Vermietung von Motorrollern<\/h3>\t\t\t\t\t\t\t\t<\/div>\n\t\t\t\t<\/div>\n\t\t\t\t<div class=\"elementor-element elementor-element-34e2265 elementor-widget elementor-widget-text-editor\" data-id=\"34e2265\" data-element_type=\"widget\" data-widget_type=\"text-editor.default\">\n\t\t\t\t<div class=\"elementor-widget-container\">\n\t\t\t\t\t\t\t\t\t<p>Kunden, die kein Fahrzeug haben, um sich fortzubewegen, haben auch die M\u00f6glichkeit, diese fantastische Insel dank des Verleihs von rollern, den unsere Struktur \u00fcber die Mietagentur GoElba zur Verf\u00fcgung stellt, ganz einfach zu entdecken. Sie k\u00f6nnen das bevorzugte Fahrzeug aus dem unten stehenden Abschnitt buchen, mit der M\u00f6glichkeit, das ausgew\u00e4hlte Fahrzeug direkt zur Struktur bringen zu lassen und von einem Rabatt von 10 % zu profitieren.<\/p>\t\t\t\t\t\t\t\t<\/div>\n\t\t\t\t<\/div>\n\t\t\t\t<div class=\"elementor-element elementor-element-1df8af5 elementor-widget elementor-widget-html\" data-id=\"1df8af5\" data-element_type=\"widget\" data-widget_type=\"html.default\">\n\t\t\t\t<div class=\"elementor-widget-container\">\n\t\t\t\t\t<script id=\"rent_script\" type=\"text\/javascript\" src=\"https:\/\/affiliati.goelbarent.it\/noleggio\/index.php?controller=pjFront&action=pjActionLoad&pjLang=3&pjAff=12\">12<\/script>\t\t\t\t<\/div>\n\t\t\t\t<\/div>\n\t\t\t\t\t<\/div>\n\t\t<\/div>\n\t\t\t\t\t<\/div>\n\t\t<\/section>\n\t\t\t\t<\/div>\n\t\t","protected":false},"excerpt":{"rendered":"<p>Wo Sie uns finden Wir befinden uns auf der Westseite von Lacona, in jenem Abschnitt der S\u00fcdk\u00fcste der Insel, der von Buchten und Str\u00e4nden aller Art<span class=\"excerpt-hellip\"> [\u2026]<\/span><\/p>\n","protected":false},"author":2,"featured_media":0,"parent":0,"menu_order":0,"comment_status":"closed","ping_status":"closed","template":"","meta":{"footnotes":""},"class_list":["post-2619","page","type-page","status-publish","hentry"],"_links":{"self":[{"href":"https:\/\/www.agriturismogolfostella.it\/de\/wp-json\/wp\/v2\/pages\/2619","targetHints":{"allow":["GET"]}}],"collection":[{"href":"https:\/\/www.agriturismogolfostella.it\/de\/wp-json\/wp\/v2\/pages"}],"about":[{"href":"https:\/\/www.agriturismogolfostella.it\/de\/wp-json\/wp\/v2\/types\/page"}],"author":[{"embeddable":true,"href":"https:\/\/www.agriturismogolfostella.it\/de\/wp-json\/wp\/v2\/users\/2"}],"replies":[{"embeddable":true,"href":"https:\/\/www.agriturismogolfostella.it\/de\/wp-json\/wp\/v2\/comments?post=2619"}],"version-history":[{"count":5,"href":"https:\/\/www.agriturismogolfostella.it\/de\/wp-json\/wp\/v2\/pages\/2619\/revisions"}],"predecessor-version":[{"id":3002,"href":"https:\/\/www.agriturismogolfostella.it\/de\/wp-json\/wp\/v2\/pages\/2619\/revisions\/3002"}],"wp:attachment":[{"href":"https:\/\/www.agriturismogolfostella.it\/de\/wp-json\/wp\/v2\/media?parent=2619"}],"curies":[{"name":"wp","href":"https:\/\/api.w.org\/{rel}","templated":true}]}}