{"id":2685,"date":"2021-11-05T10:35:13","date_gmt":"2021-11-05T09:35:13","guid":{"rendered":"http:\/\/golfostella.youelba.com\/appartamenti\/"},"modified":"2025-12-19T14:29:31","modified_gmt":"2025-12-19T13:29:31","slug":"appartement","status":"publish","type":"page","link":"https:\/\/www.agriturismogolfostella.it\/de\/appartement\/","title":{"rendered":"Appartement"},"content":{"rendered":"\t\t<div data-elementor-type=\"wp-page\" data-elementor-id=\"2685\" class=\"elementor elementor-2685 elementor-652\">\n\t\t\t\t\t\t<section class=\"elementor-section elementor-top-section elementor-element elementor-element-3458209 elementor-section-stretched elementor-section-boxed elementor-section-height-default elementor-section-height-default\" data-id=\"3458209\" data-element_type=\"section\" data-settings=\"{&quot;stretch_section&quot;:&quot;section-stretched&quot;,&quot;background_background&quot;:&quot;classic&quot;}\">\n\t\t\t\t\t\t<div class=\"elementor-container elementor-column-gap-wider\">\n\t\t\t\t\t<div class=\"elementor-column elementor-col-100 elementor-top-column elementor-element elementor-element-18764e6\" data-id=\"18764e6\" data-element_type=\"column\">\n\t\t\t<div class=\"elementor-widget-wrap elementor-element-populated\">\n\t\t\t\t\t\t<section class=\"elementor-section elementor-inner-section elementor-element elementor-element-557f142 elementor-section-boxed elementor-section-height-default elementor-section-height-default\" data-id=\"557f142\" data-element_type=\"section\">\n\t\t\t\t\t\t<div class=\"elementor-container elementor-column-gap-default\">\n\t\t\t\t\t<div class=\"elementor-column elementor-col-100 elementor-inner-column elementor-element elementor-element-f52e9d3\" data-id=\"f52e9d3\" data-element_type=\"column\">\n\t\t\t<div class=\"elementor-widget-wrap elementor-element-populated\">\n\t\t\t\t\t\t<div class=\"elementor-element elementor-element-e3bc059 elementor-widget elementor-widget-spacer\" data-id=\"e3bc059\" data-element_type=\"widget\" data-widget_type=\"spacer.default\">\n\t\t\t\t<div class=\"elementor-widget-container\">\n\t\t\t\t\t\t\t<div class=\"elementor-spacer\">\n\t\t\t<div class=\"elementor-spacer-inner\"><\/div>\n\t\t<\/div>\n\t\t\t\t\t\t<\/div>\n\t\t\t\t<\/div>\n\t\t\t\t\t<\/div>\n\t\t<\/div>\n\t\t\t\t\t<\/div>\n\t\t<\/section>\n\t\t\t\t\t<\/div>\n\t\t<\/div>\n\t\t\t\t\t<\/div>\n\t\t<\/section>\n\t\t\t\t<section class=\"elementor-section elementor-top-section elementor-element elementor-element-df61e7b animated-slow elementor-section-boxed elementor-section-height-default elementor-section-height-default elementor-invisible\" data-id=\"df61e7b\" data-element_type=\"section\" data-settings=\"{&quot;animation&quot;:&quot;slideInLeft&quot;}\">\n\t\t\t\t\t\t<div class=\"elementor-container elementor-column-gap-default\">\n\t\t\t\t\t<div class=\"elementor-column elementor-col-100 elementor-top-column elementor-element elementor-element-bf44b52\" data-id=\"bf44b52\" data-element_type=\"column\">\n\t\t\t<div class=\"elementor-widget-wrap elementor-element-populated\">\n\t\t\t\t\t\t<div class=\"elementor-element elementor-element-23e4f44 elementor-widget elementor-widget-heading\" data-id=\"23e4f44\" data-element_type=\"widget\" data-widget_type=\"heading.default\">\n\t\t\t\t<div class=\"elementor-widget-container\">\n\t\t\t\t\t<h2 class=\"elementor-heading-title elementor-size-default\">Apartments<\/h2>\t\t\t\t<\/div>\n\t\t\t\t<\/div>\n\t\t\t\t<div class=\"elementor-element elementor-element-cd67ed2 elementor-widget-divider--view-line elementor-widget elementor-widget-divider\" data-id=\"cd67ed2\" data-element_type=\"widget\" data-widget_type=\"divider.default\">\n\t\t\t\t<div class=\"elementor-widget-container\">\n\t\t\t\t\t\t\t<div class=\"elementor-divider\">\n\t\t\t<span class=\"elementor-divider-separator\">\n\t\t\t\t\t\t<\/span>\n\t\t<\/div>\n\t\t\t\t\t\t<\/div>\n\t\t\t\t<\/div>\n\t\t\t\t\t<\/div>\n\t\t<\/div>\n\t\t\t\t\t<\/div>\n\t\t<\/section>\n\t\t\t\t<section class=\"elementor-section elementor-top-section elementor-element elementor-element-c154def elementor-section-stretched elementor-section-boxed elementor-section-height-default elementor-section-height-default\" data-id=\"c154def\" data-element_type=\"section\" data-settings=\"{&quot;stretch_section&quot;:&quot;section-stretched&quot;}\">\n\t\t\t\t\t\t<div class=\"elementor-container elementor-column-gap-wider\">\n\t\t\t\t\t<div class=\"elementor-column elementor-col-100 elementor-top-column elementor-element elementor-element-839ff77\" data-id=\"839ff77\" data-element_type=\"column\">\n\t\t\t<div class=\"elementor-widget-wrap elementor-element-populated\">\n\t\t\t\t\t\t<div class=\"elementor-element elementor-element-d4f5260 elementor-widget elementor-widget-text-editor\" data-id=\"d4f5260\" data-element_type=\"widget\" data-widget_type=\"text-editor.default\">\n\t\t\t\t<div class=\"elementor-widget-container\">\n\t\t\t\t\t\t\t\t\t<p class=\"p1\">Unsere Apartments sind in verschiedene Typologien unterteilt, um Ihnen die Unterkunft zu bieten, die am besten zu Ihren Bed\u00fcrfnissen passt.<\/p><p class=\"p1\">Eingebettet im Herzen des <strong>Nationalparks Toskanischer Archipel<\/strong> verbinden die Unterk\u00fcnfte des <strong>Agriturismo Golfo Stella<\/strong> den Charme der Natur mit dem Komfort schlichter Einfachheit.<\/p><p class=\"p1\"><strong>Die Studios<\/strong>, die aus den alten Kellern des Herrenhauses aus dem 19. Jahrhundert entstanden sind, bewahren die originalen Kastanienholz-Deckenbalken und die authentische Atmosph\u00e4re vergangener Zeiten. <strong>Die Zwei- und Drei-Zimmer-Apartments<\/strong> hingegen sind unabh\u00e4ngige und funktionale L\u00f6sungen, ideal f\u00fcr alle, die Raum und Ruhe suchen.<\/p><p class=\"p1\">Alle Apartments befinden sich im Erdgeschoss und verf\u00fcgen \u00fcber eine \u00fcberdachte Terrasse mit Tisch und St\u00fchlen, eine K\u00fcche oder Kochnische, ein eigenes Bad, Klimaanlage oder Ventilator sowie kostenloses WLAN. Umgeben von Gr\u00fcn und Stille und dennoch in kurzer Entfernung zu Ortschaften und den wichtigsten Dienstleistungen, stellen sie den idealen Ausgangspunkt f\u00fcr einen erholsamen Urlaub auf der Insel Elba im Zeichen von Natur und Entspannung dar.<\/p>\t\t\t\t\t\t\t\t<\/div>\n\t\t\t\t<\/div>\n\t\t\t\t\t<\/div>\n\t\t<\/div>\n\t\t\t\t\t<\/div>\n\t\t<\/section>\n\t\t\t\t<section class=\"elementor-section elementor-top-section elementor-element elementor-element-bda23fd animated-slow elementor-section-boxed elementor-section-height-default elementor-section-height-default elementor-invisible\" data-id=\"bda23fd\" data-element_type=\"section\" data-settings=\"{&quot;animation&quot;:&quot;slideInLeft&quot;}\">\n\t\t\t\t\t\t<div class=\"elementor-container elementor-column-gap-default\">\n\t\t\t\t\t<div class=\"elementor-column elementor-col-100 elementor-top-column elementor-element elementor-element-aa4cce6\" data-id=\"aa4cce6\" data-element_type=\"column\">\n\t\t\t<div class=\"elementor-widget-wrap elementor-element-populated\">\n\t\t\t\t\t\t<div class=\"elementor-element elementor-element-d11f012 elementor-widget-divider--view-line elementor-widget elementor-widget-divider\" data-id=\"d11f012\" data-element_type=\"widget\" data-widget_type=\"divider.default\">\n\t\t\t\t<div class=\"elementor-widget-container\">\n\t\t\t\t\t\t\t<div class=\"elementor-divider\">\n\t\t\t<span class=\"elementor-divider-separator\">\n\t\t\t\t\t\t<\/span>\n\t\t<\/div>\n\t\t\t\t\t\t<\/div>\n\t\t\t\t<\/div>\n\t\t\t\t\t<\/div>\n\t\t<\/div>\n\t\t\t\t\t<\/div>\n\t\t<\/section>\n\t\t\t\t<section class=\"elementor-section elementor-top-section elementor-element elementor-element-58580a8 elementor-section-stretched elementor-section-boxed elementor-section-height-default elementor-section-height-default\" data-id=\"58580a8\" data-element_type=\"section\" data-settings=\"{&quot;stretch_section&quot;:&quot;section-stretched&quot;}\">\n\t\t\t\t\t\t<div class=\"elementor-container elementor-column-gap-wider\">\n\t\t\t\t\t<div class=\"elementor-column elementor-col-100 elementor-top-column elementor-element elementor-element-aa5b0ed\" data-id=\"aa5b0ed\" data-element_type=\"column\">\n\t\t\t<div class=\"elementor-widget-wrap elementor-element-populated\">\n\t\t\t\t\t\t<section class=\"elementor-section elementor-inner-section elementor-element elementor-element-961c825 elementor-section-boxed elementor-section-height-default elementor-section-height-default\" data-id=\"961c825\" data-element_type=\"section\">\n\t\t\t\t\t\t<div class=\"elementor-container elementor-column-gap-default\">\n\t\t\t\t\t<div class=\"elementor-column elementor-col-50 elementor-inner-column elementor-element elementor-element-3cb1981\" data-id=\"3cb1981\" data-element_type=\"column\">\n\t\t\t<div class=\"elementor-widget-wrap elementor-element-populated\">\n\t\t\t\t\t\t<div class=\"elementor-element elementor-element-04fabb2 elementor-widget elementor-widget-image\" data-id=\"04fabb2\" data-element_type=\"widget\" data-widget_type=\"image.default\">\n\t\t\t\t<div class=\"elementor-widget-container\">\n\t\t\t\t\t\t\t\t\t\t\t\t\t\t\t<img fetchpriority=\"high\" decoding=\"async\" width=\"1080\" height=\"1920\" src=\"https:\/\/www.agriturismogolfostella.it\/wp-content\/uploads\/2023\/01\/posizione-appartamenti2.jpg\" class=\"attachment-full size-full wp-image-2069\" alt=\"\" srcset=\"https:\/\/www.agriturismogolfostella.it\/wp-content\/uploads\/2023\/01\/posizione-appartamenti2.jpg 1080w, https:\/\/www.agriturismogolfostella.it\/wp-content\/uploads\/2023\/01\/posizione-appartamenti2-169x300.jpg 169w, https:\/\/www.agriturismogolfostella.it\/wp-content\/uploads\/2023\/01\/posizione-appartamenti2-576x1024.jpg 576w, https:\/\/www.agriturismogolfostella.it\/wp-content\/uploads\/2023\/01\/posizione-appartamenti2-768x1365.jpg 768w, https:\/\/www.agriturismogolfostella.it\/wp-content\/uploads\/2023\/01\/posizione-appartamenti2-864x1536.jpg 864w, https:\/\/www.agriturismogolfostella.it\/wp-content\/uploads\/2023\/01\/posizione-appartamenti2-82x146.jpg 82w, https:\/\/www.agriturismogolfostella.it\/wp-content\/uploads\/2023\/01\/posizione-appartamenti2-28x50.jpg 28w, https:\/\/www.agriturismogolfostella.it\/wp-content\/uploads\/2023\/01\/posizione-appartamenti2-42x75.jpg 42w\" sizes=\"(max-width:767px) 480px, (max-width:1080px) 100vw, 1080px\" \/>\t\t\t\t\t\t\t\t\t\t\t\t\t\t\t<\/div>\n\t\t\t\t<\/div>\n\t\t\t\t\t<\/div>\n\t\t<\/div>\n\t\t\t\t<div class=\"elementor-column elementor-col-50 elementor-inner-column elementor-element elementor-element-48622b2\" data-id=\"48622b2\" data-element_type=\"column\">\n\t\t\t<div class=\"elementor-widget-wrap elementor-element-populated\">\n\t\t\t\t\t\t<div class=\"elementor-element elementor-element-7c3ba9f elementor-widget__width-initial elementor-widget elementor-widget-text-editor\" data-id=\"7c3ba9f\" data-element_type=\"widget\" data-widget_type=\"text-editor.default\">\n\t\t\t\t<div class=\"elementor-widget-container\">\n\t\t\t\t\t\t\t\t\t<ol>\n \t<li style=\"text-align: left\"><span style=\"color: #000000\"><a style=\"color: #000000\" href=\"\/de\/appartement\/il-corallo\/\">Il Corallo<\/a><\/span><\/li>\n \t<li style=\"text-align: left\"><a style=\"color: #000000\" href=\"\/de\/appartement\/la-stella-marina\/\">La Stella Marina<\/a><\/li>\n \t<li style=\"text-align: left\"><a style=\"color: #000000\" href=\"\/de\/appartement\/il-riccio\/\">Il Riccio<\/a><\/li>\n \t<li style=\"text-align: left\"><span style=\"color: #000000\"><a style=\"color: #000000\" href=\"\/de\/appartement\/il-cavalluccio\/\">Il Cavalluccio<\/a><\/span><\/li>\n \t<li style=\"text-align: left\"><span style=\"color: #000000\"><a style=\"color: #000000\" href=\"\/de\/appartement\/la-perla\/\">La Perla<\/a><\/span><\/li>\n \t<li style=\"text-align: left\"><span style=\"color: #000000\"><a style=\"color: #000000\" href=\"\/de\/appartement\/la-conchiglia\/\">La Conchiglia<\/a><\/span><\/li>\n \t<li style=\"text-align: left\"><span style=\"color: #000000\"><a style=\"color: #000000\" href=\"\/de\/appartement\/il-paguro\/\">Il Paguro<\/a><\/span><\/li>\n<\/ol>\t\t\t\t\t\t\t\t<\/div>\n\t\t\t\t<\/div>\n\t\t\t\t<div class=\"elementor-element elementor-element-742ec8c elementor-widget elementor-widget-spacer\" data-id=\"742ec8c\" data-element_type=\"widget\" data-widget_type=\"spacer.default\">\n\t\t\t\t<div class=\"elementor-widget-container\">\n\t\t\t\t\t\t\t<div class=\"elementor-spacer\">\n\t\t\t<div class=\"elementor-spacer-inner\"><\/div>\n\t\t<\/div>\n\t\t\t\t\t\t<\/div>\n\t\t\t\t<\/div>\n\t\t\t\t\t<\/div>\n\t\t<\/div>\n\t\t\t\t\t<\/div>\n\t\t<\/section>\n\t\t\t\t\t<\/div>\n\t\t<\/div>\n\t\t\t\t\t<\/div>\n\t\t<\/section>\n\t\t\t\t<section class=\"elementor-section elementor-top-section elementor-element elementor-element-8697674 elementor-section-stretched elementor-section-boxed elementor-section-height-default elementor-section-height-default\" data-id=\"8697674\" data-element_type=\"section\" data-settings=\"{&quot;background_background&quot;:&quot;classic&quot;,&quot;stretch_section&quot;:&quot;section-stretched&quot;}\">\n\t\t\t\t\t\t<div class=\"elementor-container elementor-column-gap-default\">\n\t\t\t\t\t<div class=\"elementor-column elementor-col-100 elementor-top-column elementor-element elementor-element-09ee827\" data-id=\"09ee827\" data-element_type=\"column\">\n\t\t\t<div class=\"elementor-widget-wrap elementor-element-populated\">\n\t\t\t\t\t\t<div class=\"elementor-element elementor-element-1e38425 animated-slow elementor-invisible elementor-widget elementor-widget-text-editor\" data-id=\"1e38425\" data-element_type=\"widget\" data-settings=\"{&quot;_animation&quot;:&quot;slideInLeft&quot;}\" data-widget_type=\"text-editor.default\">\n\t\t\t\t<div class=\"elementor-widget-container\">\n\t\t\t\t\t\t\t\t\t<h3 class=\"p1\">Zeiten und Verfahren<\/h3>\t\t\t\t\t\t\t\t<\/div>\n\t\t\t\t<\/div>\n\t\t\t\t<div class=\"elementor-element elementor-element-0905736 animated-slow elementor-widget-divider--view-line elementor-invisible elementor-widget elementor-widget-divider\" data-id=\"0905736\" data-element_type=\"widget\" data-settings=\"{&quot;_animation&quot;:&quot;slideInLeft&quot;}\" data-widget_type=\"divider.default\">\n\t\t\t\t<div class=\"elementor-widget-container\">\n\t\t\t\t\t\t\t<div class=\"elementor-divider\">\n\t\t\t<span class=\"elementor-divider-separator\">\n\t\t\t\t\t\t<\/span>\n\t\t<\/div>\n\t\t\t\t\t\t<\/div>\n\t\t\t\t<\/div>\n\t\t\t\t<div class=\"elementor-element elementor-element-39a43f3 elementor-widget elementor-widget-text-editor\" data-id=\"39a43f3\" data-element_type=\"widget\" data-widget_type=\"text-editor.default\">\n\t\t\t\t<div class=\"elementor-widget-container\">\n\t\t\t\t\t\t\t\t\t<h4 class=\"p1\" style=\"text-align: center\"><span style=\"text-decoration: underline\"><strong>Check-in- und Check-out-Zeiten<\/strong><\/span><\/h4><h4 class=\"p1\" style=\"text-align: center\">Der Check-in ist ab <strong>15:00 Uhr<\/strong> m\u00f6glich, der Check-out muss bis<strong> 9:30 Uhr<\/strong> erfolgen.<\/h4>\t\t\t\t\t\t\t\t<\/div>\n\t\t\t\t<\/div>\n\t\t\t\t<div class=\"elementor-element elementor-element-9bb8313 elementor-widget elementor-widget-text-editor\" data-id=\"9bb8313\" data-element_type=\"widget\" data-widget_type=\"text-editor.default\">\n\t\t\t\t<div class=\"elementor-widget-container\">\n\t\t\t\t\t\t\t\t\t<h4 class=\"p1\" style=\"text-align: center\"><span style=\"text-decoration: underline\"><strong>\u00d6ffnungszeiten der Rezeption<\/strong><\/span><\/h4><h4 class=\"p1\" style=\"text-align: center\">Das B\u00fcro ist t\u00e4glich <strong>von 8:30 bis 12:30 Uhr<\/strong> und <strong>von 15:00 bis 19:00 Uhr<\/strong> ge\u00f6ffnet. Am Samstag gilt durchgehender Betrieb.<\/h4><h4 class=\"p1\" style=\"text-align: center\">Bei fr\u00fcherer Anreise k\u00f6nnen die G\u00e4ste die Anlage und ihre Dienstleistungen nutzen, jedoch nicht die Apartments vor der Check-in-Zeit.<\/h4><h4 class=\"p1\" style=\"text-align: center\">Sollte die Anreise nach der Schlie\u00dfzeit erfolgen, bitten wir darum, die Direktion im Voraus zu informieren. Nach 21:00 Uhr ist ein Check-in nicht mehr m\u00f6glich.<\/h4>\t\t\t\t\t\t\t\t<\/div>\n\t\t\t\t<\/div>\n\t\t\t\t<div class=\"elementor-element elementor-element-b2afb3f elementor-widget elementor-widget-text-editor\" data-id=\"b2afb3f\" data-element_type=\"widget\" data-widget_type=\"text-editor.default\">\n\t\t\t\t<div class=\"elementor-widget-container\">\n\t\t\t\t\t\t\t\t\t<h4 class=\"p1\" style=\"text-align: center\"><span style=\"text-decoration: underline\"><strong>Ankunftsverfahren<\/strong><\/span><\/h4><h4 class=\"p1\" style=\"text-align: center\">Bei der Ankunft ist der Check-in erforderlich. Es ist verpflichtend, f\u00fcr jeden Gast \u2013 einschlie\u00dflich Kinder \u2013 ein g\u00fcltiges Ausweisdokument vorzulegen.<\/h4><h4 class=\"p1\" style=\"text-align: center\">Die angegebenen personenbezogenen Daten werden gem\u00e4\u00df der <strong>EU-Verordnung 679\/2016 (DSGVO)<\/strong> zum Schutz personenbezogener Daten verarbeitet.<\/h4>\t\t\t\t\t\t\t\t<\/div>\n\t\t\t\t<\/div>\n\t\t\t\t<div class=\"elementor-element elementor-element-9ce0395 elementor-widget elementor-widget-text-editor\" data-id=\"9ce0395\" data-element_type=\"widget\" data-widget_type=\"text-editor.default\">\n\t\t\t\t<div class=\"elementor-widget-container\">\n\t\t\t\t\t\t\t\t\t<h4 class=\"p1\" style=\"text-align: center\"><strong>F\u00fcr alle Informationen zu den Zahlungsmodalit\u00e4ten und den vollst\u00e4ndigen Stornierungsbedingungen besuchen Sie bitte den Bereich \u201ePreise\u201c auf unserer Website.<\/strong><\/h4>\t\t\t\t\t\t\t\t<\/div>\n\t\t\t\t<\/div>\n\t\t\t\t<div class=\"elementor-element elementor-element-0de37c5 animated-slow elementor-widget-divider--view-line elementor-invisible elementor-widget elementor-widget-divider\" data-id=\"0de37c5\" data-element_type=\"widget\" data-settings=\"{&quot;_animation&quot;:&quot;slideInLeft&quot;}\" data-widget_type=\"divider.default\">\n\t\t\t\t<div class=\"elementor-widget-container\">\n\t\t\t\t\t\t\t<div class=\"elementor-divider\">\n\t\t\t<span class=\"elementor-divider-separator\">\n\t\t\t\t\t\t<\/span>\n\t\t<\/div>\n\t\t\t\t\t\t<\/div>\n\t\t\t\t<\/div>\n\t\t\t\t\t<\/div>\n\t\t<\/div>\n\t\t\t\t\t<\/div>\n\t\t<\/section>\n\t\t\t\t<section class=\"elementor-section elementor-top-section elementor-element elementor-element-333df5fc elementor-section-stretched elementor-section-boxed elementor-section-height-default elementor-section-height-default\" data-id=\"333df5fc\" data-element_type=\"section\" data-settings=\"{&quot;stretch_section&quot;:&quot;section-stretched&quot;,&quot;background_background&quot;:&quot;classic&quot;}\">\n\t\t\t\t\t\t<div class=\"elementor-container elementor-column-gap-wider\">\n\t\t\t\t\t<div class=\"elementor-column elementor-col-100 elementor-top-column elementor-element elementor-element-747abe37\" data-id=\"747abe37\" data-element_type=\"column\">\n\t\t\t<div class=\"elementor-widget-wrap elementor-element-populated\">\n\t\t\t\t\t\t<section class=\"elementor-section elementor-inner-section elementor-element elementor-element-21b2fb81 elementor-section-boxed elementor-section-height-default elementor-section-height-default\" data-id=\"21b2fb81\" data-element_type=\"section\">\n\t\t\t\t\t\t<div class=\"elementor-container elementor-column-gap-default\">\n\t\t\t\t\t<div class=\"elementor-column elementor-col-100 elementor-inner-column elementor-element elementor-element-1202ddc2\" data-id=\"1202ddc2\" data-element_type=\"column\">\n\t\t\t<div class=\"elementor-widget-wrap elementor-element-populated\">\n\t\t\t\t\t\t<div class=\"elementor-element elementor-element-226254c1 elementor-widget elementor-widget-spacer\" data-id=\"226254c1\" data-element_type=\"widget\" data-widget_type=\"spacer.default\">\n\t\t\t\t<div class=\"elementor-widget-container\">\n\t\t\t\t\t\t\t<div class=\"elementor-spacer\">\n\t\t\t<div class=\"elementor-spacer-inner\"><\/div>\n\t\t<\/div>\n\t\t\t\t\t\t<\/div>\n\t\t\t\t<\/div>\n\t\t\t\t\t<\/div>\n\t\t<\/div>\n\t\t\t\t\t<\/div>\n\t\t<\/section>\n\t\t\t\t\t<\/div>\n\t\t<\/div>\n\t\t\t\t\t<\/div>\n\t\t<\/section>\n\t\t\t\t<\/div>\n\t\t","protected":false},"excerpt":{"rendered":"<p>Apartments Unsere Apartments sind in verschiedene Typologien unterteilt, um Ihnen die Unterkunft zu bieten, die am besten zu Ihren Bed\u00fcrfnissen passt. Eingebettet im Herzen des Nationalparks<span class=\"excerpt-hellip\"> [\u2026]<\/span><\/p>\n","protected":false},"author":2,"featured_media":0,"parent":0,"menu_order":0,"comment_status":"closed","ping_status":"closed","template":"","meta":{"footnotes":""},"class_list":["post-2685","page","type-page","status-publish","hentry"],"_links":{"self":[{"href":"https:\/\/www.agriturismogolfostella.it\/de\/wp-json\/wp\/v2\/pages\/2685","targetHints":{"allow":["GET"]}}],"collection":[{"href":"https:\/\/www.agriturismogolfostella.it\/de\/wp-json\/wp\/v2\/pages"}],"about":[{"href":"https:\/\/www.agriturismogolfostella.it\/de\/wp-json\/wp\/v2\/types\/page"}],"author":[{"embeddable":true,"href":"https:\/\/www.agriturismogolfostella.it\/de\/wp-json\/wp\/v2\/users\/2"}],"replies":[{"embeddable":true,"href":"https:\/\/www.agriturismogolfostella.it\/de\/wp-json\/wp\/v2\/comments?post=2685"}],"version-history":[{"count":5,"href":"https:\/\/www.agriturismogolfostella.it\/de\/wp-json\/wp\/v2\/pages\/2685\/revisions"}],"predecessor-version":[{"id":4111,"href":"https:\/\/www.agriturismogolfostella.it\/de\/wp-json\/wp\/v2\/pages\/2685\/revisions\/4111"}],"wp:attachment":[{"href":"https:\/\/www.agriturismogolfostella.it\/de\/wp-json\/wp\/v2\/media?parent=2685"}],"curies":[{"name":"wp","href":"https:\/\/api.w.org\/{rel}","templated":true}]}}